{"id":135,"date":"2015-04-26T12:41:37","date_gmt":"2015-04-26T10:41:37","guid":{"rendered":"http:\/\/test.adonis-hills.de\/?page_id=135"},"modified":"2020-06-07T13:45:46","modified_gmt":"2020-06-07T11:45:46","slug":"zucht","status":"publish","type":"page","link":"http:\/\/adonis-hills.de\/?page_id=135","title":{"rendered":"Zucht"},"content":{"rendered":"<p style=\"text-align: left;\"><a href=\"http:\/\/test.adonis-hills.de\/wp-content\/uploads\/2015\/04\/page6_11.jpg\"><img loading=\"lazy\" decoding=\"async\" class=\"alignnone size-full wp-image-177\" src=\"http:\/\/test.adonis-hills.de\/wp-content\/uploads\/2015\/04\/page6_11.jpg\" alt=\"page6_1\" width=\"450\" height=\"211\" srcset=\"http:\/\/adonis-hills.de\/wp-content\/uploads\/2015\/04\/page6_11.jpg 450w, http:\/\/adonis-hills.de\/wp-content\/uploads\/2015\/04\/page6_11-449x211.jpg 449w\" sizes=\"auto, (max-width: 450px) 100vw, 450px\" \/><br \/>\n<\/a>Anerkannte<span style=\"text-decoration: underline;\"> <strong><a href=\"http:\/\/www.vdh.de\/\">VDH<\/a><\/strong><\/span> Zuchtst\u00e4tte mit<span style=\"text-decoration: underline;\"><strong> <a href=\"http:\/\/www.fci.be\/?lang=de\">FCI<\/a><\/strong><\/span> Zwingerschutz.<\/p>\n<p style=\"text-align: left;\">Seit 2004 z\u00fcchten wir im <strong><span style=\"text-decoration: underline;\"><a href=\"http:\/\/www.cfbrh.de\/startseite.html\">CfBrH (Club f\u00fcr britische H\u00fctehunde)<\/a> <\/span>\/VDH (Verein deutsches Hundewesen)<\/strong> Border Collies. Wir sind einfach von dieser einmaligen, intelligenten Hunderasse fasziniert und m\u00f6chten unsere Freude gerne an aktive, sportliche Borderfreunde und die, die es werden m\u00f6chten &#8211; weitergeben.<br \/>\nWelpen aus unserer kleinen aber feinen Liebhaberzucht gehen nur an verantwortungsbewusste Pers\u00f6nlichkeiten und Border Collie Freunde.<br \/>\nWir pflegen auch nach der Abgabe unserer Sch\u00fctzlinge gerne noch Kontakt zu den neuen Besitzern und stehen ein Leben lang mit Rat und Tat zur Seite.<br \/>\n<a href=\"mailto:pferdehof_mallnow@mac.com\"><strong><u>Kontaktaufnahme\u00a0<\/u><\/strong><\/a><\/p>\n","protected":false},"excerpt":{"rendered":"<p>Anerkannte VDH Zuchtst\u00e4tte mit FCI Zwingerschutz. Seit 2004 z\u00fcchten wir im CfBrH (Club f\u00fcr britische H\u00fctehunde) \/VDH (Verein deutsches Hundewesen) Border Collies. Wir sind einfach von dieser einmaligen, intelligenten Hunderasse&hellip; <\/p>\n","protected":false},"author":2,"featured_media":0,"parent":0,"menu_order":0,"comment_status":"closed","ping_status":"closed","template":"","meta":{"footnotes":""},"class_list":["post-135","page","type-page","status-publish","hentry"],"_links":{"self":[{"href":"http:\/\/adonis-hills.de\/index.php?rest_route=\/wp\/v2\/pages\/135","targetHints":{"allow":["GET"]}}],"collection":[{"href":"http:\/\/adonis-hills.de\/index.php?rest_route=\/wp\/v2\/pages"}],"about":[{"href":"http:\/\/adonis-hills.de\/index.php?rest_route=\/wp\/v2\/types\/page"}],"author":[{"embeddable":true,"href":"http:\/\/adonis-hills.de\/index.php?rest_route=\/wp\/v2\/users\/2"}],"replies":[{"embeddable":true,"href":"http:\/\/adonis-hills.de\/index.php?rest_route=%2Fwp%2Fv2%2Fcomments&post=135"}],"version-history":[{"count":24,"href":"http:\/\/adonis-hills.de\/index.php?rest_route=\/wp\/v2\/pages\/135\/revisions"}],"predecessor-version":[{"id":6130,"href":"http:\/\/adonis-hills.de\/index.php?rest_route=\/wp\/v2\/pages\/135\/revisions\/6130"}],"wp:attachment":[{"href":"http:\/\/adonis-hills.de\/index.php?rest_route=%2Fwp%2Fv2%2Fmedia&parent=135"}],"curies":[{"name":"wp","href":"https:\/\/api.w.org\/{rel}","templated":true}]}}