{"id":14,"date":"2014-12-29T12:38:55","date_gmt":"2014-12-29T12:38:55","guid":{"rendered":"http:\/\/test.adonis-hills.de\/?page_id=14"},"modified":"2026-04-07T18:46:36","modified_gmt":"2026-04-07T16:46:36","slug":"ueber-uns","status":"publish","type":"page","link":"http:\/\/adonis-hills.de\/?page_id=14","title":{"rendered":"\u00dcber uns"},"content":{"rendered":"<p>Die Liebe zu den Tieren wurde uns bereits in die Wiege gelegt. Deshalb haben wir uns beide zu einem Studium als Veterin\u00e4ringenieur entschieden. W\u00e4hrend des Studiums 1984 lernten wir uns kennen. Seit 1986 sind wir nun schon verheiratet, mein Mann Gerold, der mich in allen tierischen Angelegenheiten neben seinem Job sehr unterst\u00fctzt und ich, Simone. Ich bin f\u00fcr das tierische Wohl und f\u00fcr diese Webseite verantwortlich.<br \/>\nWir haben 2 T\u00f6chter, Julia (geb. 1987) und Jasmin (geb. 1995)<\/p>\n<p><img loading=\"lazy\" decoding=\"async\" class=\"alignnone size-medium wp-image-5614\" src=\"http:\/\/adonis-hills.de\/wp-content\/uploads\/2019\/10\/A0D9F2B1-C5C5-4700-9B85-8BE617C39C03-500x375.jpeg\" alt=\"\" width=\"500\" height=\"375\" \/><br \/>\n<span style=\"font-size: revert;\">F\u00fcr den 1993 gegr\u00fcndeten\u00a0Pferdehof\u00a0brauchten wir dringend eine mutige und ausdauernde Arbeitshilfe. Durch Literatur sind wir auf den Border Collie gekommen. Schon damals verliebten wir uns alle in diese einmalige, intelligente und aktive Hunderasse.<\/span><\/p>\n<p>2001 zog unser 1. Bordercollie ein. Es war unser geliebter\u00a0<a href=\"http:\/\/adonis-hills.de\/adonis\/page47\/page16\/page16.html\" rel=\"self\">&#8222;Lucky&#8220;<\/a>\u00a0(gest. 2011). Es sollte nicht bei einem Border Collie bleiben &#8230;<br \/>\n<a href=\"http:\/\/test.adonis-hills.de\/wp-content\/uploads\/2014\/12\/u_haus.jpg\"><img loading=\"lazy\" decoding=\"async\" class=\"alignnone size-full wp-image-411\" src=\"http:\/\/test.adonis-hills.de\/wp-content\/uploads\/2014\/12\/u_haus.jpg\" alt=\"u_haus\" width=\"450\" height=\"300\" \/><br \/>\n<\/a>Unser &#8222;Wassergrundst\u00fcck&#8220; liegt direkt am Dorfteich und ist 1 ha gro\u00df mit viel Nebengelass und angrenzenden 2 ha Weide. Ein Tummelplatz f\u00fcr unsere Border und nat\u00fcrlich auch f\u00fcr die Pferde.<br \/>\nIm April 2004 wurde die Z\u00fcchterpr\u00fcfung erfolgreich abgenommen und unser Zwingername (FCI) wurde best\u00e4tigt. Im Fr\u00fchjahr 2005 wurden die 1. Borderbabys im Zwinger &#8222;Adonis Hills&#8220; geboren.<\/p>\n<p><a href=\"http:\/\/test.adonis-hills.de\/wp-content\/uploads\/2014\/12\/5fressendeWelpen.jpg\"><img loading=\"lazy\" decoding=\"async\" src=\"http:\/\/test.adonis-hills.de\/wp-content\/uploads\/2014\/12\/5fressendeWelpen.jpg\" alt=\"5fressendeWelpen\" width=\"187\" height=\"300\" \/><\/a>\u00a0 \u00a0<a href=\"http:\/\/test.adonis-hills.de\/wp-content\/uploads\/2014\/12\/lucky-9.jpg\"><img loading=\"lazy\" decoding=\"async\" src=\"http:\/\/test.adonis-hills.de\/wp-content\/uploads\/2014\/12\/lucky-9.jpg\" alt=\"lucky 9\" width=\"403\" height=\"215\" \/><br \/>\n<\/a>A &#8211; Wurf, geboren am 26.05.2005.\u00a0Mehr Info&#8217;s unter:\u00a0<a href=\"http:\/\/adonis-hills.de\/adonis\/page1\/page4\/page14\/page14.html\" rel=\"self\">A &#8211; Wurf<\/a>\u00a0und\u00a0unser 1. BC &#8222;Lucky&#8220; in den bl\u00fchenden Fr\u00fchlingsadonisr\u00f6schen <em>(Adonis vernalis)<br \/>\n<\/em>Diese Bl\u00fctenpracht kann man hier von Ende M\u00e4rz bis Mitte Mai in\u00a0unserer traumhaften H\u00fcgellandschaft bewundern. Diese einmalige Naturlandschaft hat mich zu meinem Zwingernamen inspiriert:<br \/>\n<span style=\"color: #ff0000;\"><strong><em><span style=\"text-decoration: underline;\">&#8220; ADONIS &#8211; HILLS &#8222;<\/span><\/em><\/strong><\/span><\/p>\n\n\n<figure class=\"wp-block-image size-large is-resized\"><img loading=\"lazy\" decoding=\"async\" width=\"1024\" height=\"680\" src=\"http:\/\/adonis-hills.de\/wp-content\/uploads\/2026\/04\/IMG_1922-1024x680.jpeg\" alt=\"\" class=\"wp-image-8109\" style=\"width:484px;height:auto\"\/><\/figure>\n","protected":false},"excerpt":{"rendered":"<p>Die Liebe zu den Tieren wurde uns bereits in die Wiege gelegt. Deshalb haben wir uns beide zu einem Studium als Veterin\u00e4ringenieur entschieden. W\u00e4hrend des Studiums 1984 lernten wir uns&hellip; <\/p>\n","protected":false},"author":1,"featured_media":0,"parent":0,"menu_order":0,"comment_status":"closed","ping_status":"closed","template":"","meta":{"footnotes":""},"class_list":["post-14","page","type-page","status-publish","hentry"],"_links":{"self":[{"href":"http:\/\/adonis-hills.de\/index.php?rest_route=\/wp\/v2\/pages\/14","targetHints":{"allow":["GET"]}}],"collection":[{"href":"http:\/\/adonis-hills.de\/index.php?rest_route=\/wp\/v2\/pages"}],"about":[{"href":"http:\/\/adonis-hills.de\/index.php?rest_route=\/wp\/v2\/types\/page"}],"author":[{"embeddable":true,"href":"http:\/\/adonis-hills.de\/index.php?rest_route=\/wp\/v2\/users\/1"}],"replies":[{"embeddable":true,"href":"http:\/\/adonis-hills.de\/index.php?rest_route=%2Fwp%2Fv2%2Fcomments&post=14"}],"version-history":[{"count":45,"href":"http:\/\/adonis-hills.de\/index.php?rest_route=\/wp\/v2\/pages\/14\/revisions"}],"predecessor-version":[{"id":8110,"href":"http:\/\/adonis-hills.de\/index.php?rest_route=\/wp\/v2\/pages\/14\/revisions\/8110"}],"wp:attachment":[{"href":"http:\/\/adonis-hills.de\/index.php?rest_route=%2Fwp%2Fv2%2Fmedia&parent=14"}],"curies":[{"name":"wp","href":"https:\/\/api.w.org\/{rel}","templated":true}]}}