{"id":191,"date":"2015-04-28T11:43:11","date_gmt":"2015-04-28T09:43:11","guid":{"rendered":"http:\/\/test.adonis-hills.de\/?page_id=191"},"modified":"2015-06-07T19:41:41","modified_gmt":"2015-06-07T17:41:41","slug":"bc-standard","status":"publish","type":"page","link":"http:\/\/adonis-hills.de\/?page_id=191","title":{"rendered":"Border Collie Standard"},"content":{"rendered":"<p style=\"text-align: center;\"><a href=\"http:\/\/test.adonis-hills.de\/wp-content\/uploads\/2015\/04\/page7_1.jpg\"><img loading=\"lazy\" decoding=\"async\" class=\"alignnone size-full wp-image-192\" src=\"http:\/\/test.adonis-hills.de\/wp-content\/uploads\/2015\/04\/page7_1.jpg\" alt=\"page7_1\" width=\"408\" height=\"306\" \/><br \/>\n<\/a>Dtch. Jgd. Champ.<a href=\"http:\/\/www.adonis-hills.de\/adonis\/page47\/page17\/page17.html\"> &#8222;Yanna II Fairy in Red vom Skuddenhof&#8220;<\/a> &#8211; unsere Luna<\/p>\n<p>\u00c4u\u00dferlich von mittlerer Gr\u00f6\u00dfe (R\u00fcden ca 53 cm, H\u00fcndinnen darunter), das Fell lang- oder kurzhaarig, meist schwarz mit wei\u00dfen Abzeichen, aber auch tricolour, braun oder rot-wei\u00df sowie blue merle.<br \/>\nEr ist sehr pflegeleicht, robust und gesund. Er zeigt viel Charme, Anmut, ist aufmerksam, sehr klug und sportlich. Er bewegt sich elegant, frei und m\u00fchelos. Sein Wesen ist liebenswert. Er hat einen guten anh\u00e4nglichen Charakter, ein anst\u00e4ndiges Betragen und ist sehr anpassungsf\u00e4hig; ein beweglicher Hund im Gel\u00e4nde, so verh\u00e4lt er sich im Haus und in der \u00d6ffentlichkeit angenehm und ruhig. Das Fahren im Auto liebt er sehr, wenn fr\u00fch und konsequent dazu angehalten wird. Auf Fremde geht er meist freundlich zu, kann sich aber auch zur\u00fcckhalten.<br \/>\nSensibilit\u00e4t und Neugier vereinen sich in ihm zu einem vorsichtigem Verhalten allem Unbekannten gegen\u00fcber. Dies ist keinesfalls zu verwechseln mit \u00c4ngstlichkeit, denn den Mut und die Tapferkeit beweist er am Vieh, von dem er Angriffe hinnimmt, ohne sich dadurch von seiner befohlenen Aufgabe abbringen zu lassen. Seine Lernfreudigkeit, seine Leichtf\u00fchrigkeit und Klugheit, seine enorme Begeisterung f\u00fcr Arbeit ist wirklich einmalig!<br \/>\nDer unbedingte Gehorsam und die Bereitwilligkeit seinem Herrn alles recht zu machen, f\u00fchren ihn oftmals bis an die Grenzen seiner Kr\u00e4fte.<br \/>\nEine treue, fast menschliche Seele spricht aus der Tiefe seiner Augen und seines Gebarens. Der Ausdruck kann sich aber wandeln, er kann starr und streng werden (fast furchterregend), wenn es gilt Tiere unter Kontrolle zu bekommen.<br \/>\nUm einen Border Collie in seiner Gesamtheit beobachten und bewerten zu k\u00f6nnen, mu\u00df man ihn in freier Bewegung bei seiner H\u00fctearbeit gesehen haben.<\/p>\n<p>Seit 1990 werden Veranstaltungen dieser Art durch die <a href=\"http:\/\/www.abcdev.de\/\">Arbeitsgemeinschaft Border Collie Deutschland<\/a> gezielt durchgef\u00fchrt.<\/p>\n<p>Zum Schlu\u00df sei gesagt: der Border Collie ist ein anspruchsvoller Hund, der von seinem menschlichem Partner praktische wie geistige Aufgaben erwartet und eine konsequente F\u00fchrung (sprich: Erziehung) beansprucht, denn in unverst\u00e4ndigen H\u00e4nden kann er Fehlverhalten entwickeln. Wer immer sich f\u00fcr einen Border Collie entscheidet, sollte wohl \u00fcberlegen, ob er den Anspr\u00fcchen dieses Hundes gerecht werden kann.<\/p>\n<p>Mehr zur <a title=\"Geschichte des BC\" href=\"http:\/\/test.adonis-hills.de\/?page_id=223\">Geschichte des BC<\/a><\/p>\n","protected":false},"excerpt":{"rendered":"<p>Dtch. Jgd. Champ. &#8222;Yanna II Fairy in Red vom Skuddenhof&#8220; &#8211; unsere Luna \u00c4u\u00dferlich von mittlerer Gr\u00f6\u00dfe (R\u00fcden ca 53 cm, H\u00fcndinnen darunter), das Fell lang- oder kurzhaarig, meist schwarz&hellip; <\/p>\n","protected":false},"author":2,"featured_media":0,"parent":0,"menu_order":0,"comment_status":"closed","ping_status":"closed","template":"","meta":{"footnotes":""},"class_list":["post-191","page","type-page","status-publish","hentry"],"_links":{"self":[{"href":"http:\/\/adonis-hills.de\/index.php?rest_route=\/wp\/v2\/pages\/191","targetHints":{"allow":["GET"]}}],"collection":[{"href":"http:\/\/adonis-hills.de\/index.php?rest_route=\/wp\/v2\/pages"}],"about":[{"href":"http:\/\/adonis-hills.de\/index.php?rest_route=\/wp\/v2\/types\/page"}],"author":[{"embeddable":true,"href":"http:\/\/adonis-hills.de\/index.php?rest_route=\/wp\/v2\/users\/2"}],"replies":[{"embeddable":true,"href":"http:\/\/adonis-hills.de\/index.php?rest_route=%2Fwp%2Fv2%2Fcomments&post=191"}],"version-history":[{"count":6,"href":"http:\/\/adonis-hills.de\/index.php?rest_route=\/wp\/v2\/pages\/191\/revisions"}],"predecessor-version":[{"id":447,"href":"http:\/\/adonis-hills.de\/index.php?rest_route=\/wp\/v2\/pages\/191\/revisions\/447"}],"wp:attachment":[{"href":"http:\/\/adonis-hills.de\/index.php?rest_route=%2Fwp%2Fv2%2Fmedia&parent=191"}],"curies":[{"name":"wp","href":"https:\/\/api.w.org\/{rel}","templated":true}]}}