{"id":218,"date":"2015-05-05T12:05:10","date_gmt":"2015-05-05T10:05:10","guid":{"rendered":"http:\/\/test.adonis-hills.de\/?page_id=218"},"modified":"2015-07-19T16:25:40","modified_gmt":"2015-07-19T14:25:40","slug":"adonissage","status":"publish","type":"page","link":"http:\/\/adonis-hills.de\/?page_id=218","title":{"rendered":"Adonissage"},"content":{"rendered":"<p><a href=\"http:\/\/test.adonis-hills.de\/wp-content\/uploads\/2015\/05\/page94_1.jpg\"><img loading=\"lazy\" decoding=\"async\" class=\"alignnone size-full wp-image-219\" src=\"http:\/\/test.adonis-hills.de\/wp-content\/uploads\/2015\/05\/page94_1.jpg\" alt=\"page94_1\" width=\"650\" height=\"353\" \/><\/a><\/p>\n<p>Um die G\u00f6tterblume ranken sich Sagen, Geschichten und Mythen, die auch uns auf ihrem langen Weg durch die Zeitgeschichte erreichten.<\/p>\n<p>Eifers\u00fcchtig beobachtete G\u00f6ttervater Zeus das lustwandelnde Liebespaar der Antike &#8211; Adonis und Aphrodite. Gar zu gerne w\u00e4re er selbst an Adonis Stelle. Doch die sch\u00f6ne Aphrodite schenkte ihm keine Beachtung. Ver\u00e4rgert und Rache s\u00fcchtig sann Zeus dar\u00fcber nach, wie es im gelingen k\u00f6nnte, die Aufmerksamkeit und Zuneigung der Aphrodite zu erlangen. Nun kommt Ares, der Kriegsgott der Griechen ins Spiel, der ebenfalls ein Auge auf Aphrodite geworfen hatte. Die eifers\u00fcchtige Persephone (G\u00f6ttin der Unterwelt und ebenfalls in Adonis verliebt) hatte nichts besseres zu tun als Ares w\u00fctend auf Aphrodite zu machen. Zorn entbrannt soll sich nun dieser eines Tages in die Gestalt eines Ebers verwandelt haben und verletzte Adonis bei der Jagd so stark, dass dieser verstarb. Doch Zeus Rechnung ging nicht auf. Statt sich dem werbenden Zeus zu zuwenden, lief Aphrodite fortan wehklagend und weinend umher und erregte somit das Mitleid des G\u00f6ttervaters.<br \/>\nMit schlechtem Gewissen verhandelte dieser nun mit Hades, dem Gott der Unterwelt, um Aphrodites Kummer zu beenden. Adonis durfte wieder auf die Erde zur\u00fcckkehren und zwar jedes Jahr im Fr\u00fchling in Gestalt des Adonisr\u00f6schens.<br \/>\nAndere erz\u00e4hlen, dass aus jeder Tr\u00e4ne der Aphrodite um ihren geliebten Adonis ein gelbes Adonisr\u00f6schen und aus den Blutstropfen des verletzten Adonis ein rotes Adonisr\u00f6schen entstanden sei. \u00dcbrigens wird das rote Adonisr\u00f6schen auch Teufelsauge genannt, weil das Teuflische des Zeus das Liebespaar auf ewig zu trennen vermochte.<\/p>\n<p><a href=\"http:\/\/test.adonis-hills.de\/wp-content\/uploads\/2015\/05\/page94_2.jpg\"><img loading=\"lazy\" decoding=\"async\" class=\"alignnone size-full wp-image-220\" src=\"http:\/\/test.adonis-hills.de\/wp-content\/uploads\/2015\/05\/page94_2.jpg\" alt=\"page94_2\" width=\"700\" height=\"467\" \/><\/a><\/p>\n<p>&nbsp;<\/p>\n","protected":false},"excerpt":{"rendered":"<p>Um die G\u00f6tterblume ranken sich Sagen, Geschichten und Mythen, die auch uns auf ihrem langen Weg durch die Zeitgeschichte erreichten. Eifers\u00fcchtig beobachtete G\u00f6ttervater Zeus das lustwandelnde Liebespaar der Antike &#8211;&hellip; <\/p>\n","protected":false},"author":2,"featured_media":0,"parent":0,"menu_order":0,"comment_status":"closed","ping_status":"closed","template":"","meta":{"footnotes":""},"class_list":["post-218","page","type-page","status-publish","hentry"],"_links":{"self":[{"href":"http:\/\/adonis-hills.de\/index.php?rest_route=\/wp\/v2\/pages\/218","targetHints":{"allow":["GET"]}}],"collection":[{"href":"http:\/\/adonis-hills.de\/index.php?rest_route=\/wp\/v2\/pages"}],"about":[{"href":"http:\/\/adonis-hills.de\/index.php?rest_route=\/wp\/v2\/types\/page"}],"author":[{"embeddable":true,"href":"http:\/\/adonis-hills.de\/index.php?rest_route=\/wp\/v2\/users\/2"}],"replies":[{"embeddable":true,"href":"http:\/\/adonis-hills.de\/index.php?rest_route=%2Fwp%2Fv2%2Fcomments&post=218"}],"version-history":[{"count":5,"href":"http:\/\/adonis-hills.de\/index.php?rest_route=\/wp\/v2\/pages\/218\/revisions"}],"predecessor-version":[{"id":668,"href":"http:\/\/adonis-hills.de\/index.php?rest_route=\/wp\/v2\/pages\/218\/revisions\/668"}],"wp:attachment":[{"href":"http:\/\/adonis-hills.de\/index.php?rest_route=%2Fwp%2Fv2%2Fmedia&parent=218"}],"curies":[{"name":"wp","href":"https:\/\/api.w.org\/{rel}","templated":true}]}}