{"id":223,"date":"2015-05-05T12:19:01","date_gmt":"2015-05-05T10:19:01","guid":{"rendered":"http:\/\/test.adonis-hills.de\/?page_id=223"},"modified":"2015-12-11T09:47:24","modified_gmt":"2015-12-11T08:47:24","slug":"geschichte-des-bc","status":"publish","type":"page","link":"http:\/\/adonis-hills.de\/?page_id=223","title":{"rendered":"Geschichte des Border Collies"},"content":{"rendered":"<p style=\"text-align: center;\"><a href=\"http:\/\/test.adonis-hills.de\/wp-content\/uploads\/2015\/05\/page5_1.gif\"><img loading=\"lazy\" decoding=\"async\" class=\"alignnone size-full wp-image-224\" src=\"http:\/\/test.adonis-hills.de\/wp-content\/uploads\/2015\/05\/page5_1.gif\" alt=\"page5_1\" width=\"367\" height=\"101\" \/><\/a><\/p>\n<p>In England und Schottland entstanden im 16. Jahrhundert H\u00fctehunde, aus denen sich allm\u00e4hlich die Collies als hochgesch\u00e4tzte Helfer der Sch\u00e4fer entwickelten. Vor allem auf gro\u00dffl\u00e4chigen, kargen Weiden wurden diese Hunde zum Sammeln der Tiere und die Betreuung und Pflege der Herde unentbehrlich. In einer damals noch in Lateinisch verfa\u00dften Schrift \u201eDe Canibus Britannicus&#8220; werden Mitte des 16. Jahrhunderts mittelgro\u00dfe H\u00fctehunde beschrieben, deren F\u00fchrung durch den Sch\u00e4fer und deren Arbeitsweise an der Schafherde an die heutigen Border Collies denken l\u00e4\u00dft. Seinen Ursprung hat der Border Collie im Schottischen Grenzgebiet (Border=Grenze). Die Herkunft und die Bedeutung des Wortes \u201eCollie&#8220; ist dagegen nicht gesichert.<br \/>\nDer urspr\u00fcngliche Border Collie entwickelte sich zum \u00fcberragenden Schafspezialisten und verdr\u00e4ngte auch weitgehend die anderen britischen H\u00fctehunde aus ihrem Arbeitseinsatz. Seine nahen Verwandten, der gr\u00f6\u00dfere meist langhaarige Collie, der sehr popul\u00e4r als TV-Star \u201eLassie&#8220; wurde, und der b\u00e4rtige Bearded Collie, als auch der gr\u00f6\u00dfere Bobtail, wurden als Mode- und Schauhund entdeckt und haben so in kurzer Zeit ihre F\u00e4higkeiten als Arbeitshund weitgehend verloren.<br \/>\nAls Stammvater der modernen Border Collies wird der 1893 geborene <a href=\"https:\/\/de.wikipedia.org\/wiki\/Old_Hemp\"><strong>\u201eOld Hemp&#8220;<\/strong><\/a> angesehen, der wegen seiner \u00fcberragenden F\u00e4higkeit, Schafverhalten richtig einzusch\u00e4tzen, als Zuchtr\u00fcde sehr begehrt war. Z\u00fcchterischem Sachverstand und der gl\u00fccklichen Hand seines Z\u00fcchters Adam Telfer ist es zu verdanken, einen solch vortrefflichen Hund aus einer Paarung von Eltern erzielt zu haben, die beide keinen ausgepr\u00e4gten H\u00fctetrieb gehabt haben sollen. Es kam zu der gl\u00fccklichen Synthese der unterschiedlichen Vorz\u00fcge seiner Eltern, w\u00e4hrend sich ihre Schwachpunkte nicht in dem Welpen manifestierten. Z\u00fcchterpech ist es hingegen, wenn genau das Gegenteil eintritt und der kleine Hund alle negativen Eigenschaften mitbekommt. Die Schaffarmer lernten, ihre unentbehrlichen Helfer, die Border Collies, mehr und mehr zu sch\u00e4tzen. Viele waren stolz auf ihre intelligenten und gehorsamen Hunde und setzten ihren Ehrgeiz daran, einen \u00fcberragenden Hund auszubilden und zu besitzen.<br \/>\n1873 wurde erstmals ein \u201eSheepdogtrial&#8220; abgehalten, in dem die Hunde ihre Leistungen im Wettbewerb zu ihren Konkurrenten zeigen konnten. Diese Trials fanden in den folgenden Jahren immer h\u00e4ufiger und an verschiedenen Pl\u00e4tzen statt. F\u00fcr ihren Aufbau und ihre Bewertung der Aufgaben bildeten sich allm\u00e4hlich einheitliche Regeln heraus. Die einzigartigen F\u00e4higkeiten der Border Collies und ihre Arbeitsweise an den Schafherden unter Wettkampfbedingungen beobachten zu k\u00f6nnen, gef\u00e4llt vielen Leuten.<br \/>\nSo wurden die Veranstaltungen in England zunehmend popul\u00e4r. Sogar eine Fernsehserie \u201eOne Man and his dog&#8220;, die den sportlichen H\u00fctehundewettkampf zum Inhalt hatte, begeisterte viele Zuschauer. Die Border Collies haben sich inzwischen \u00fcber ihr Ursprungsgebiet hinaus weltweit verbreitet. Als unentbehrliche Schafarbeitshunde werden sie bei den Schafhaltern gesch\u00e4tzt. Auch der Trialsport, der ihre Arbeitsweise demonstriert, gewinnt in vielen L\u00e4ndern au\u00dferhalb Englands immer mehr Freunde<br \/>\n1906 wurde die ISDS (International Sheep Dog Society) in England gegr\u00fcndet. Diese Organisation f\u00fchrte ein Register f\u00fcr arbeitende Hunde ein, einziges Kriterium f\u00fcr die Aufnahme war die H\u00fcteleistung. Die allgemeine \u00dcberzeugung war und ist, da\u00df ein Standard, der irgendwelche K\u00f6rpermerkmale, sei es K\u00f6rberbau, Haarl\u00e4nge, Ohrenform oder Fellfarbe vorschreibt, einen verderblichen Einflu\u00df auf das Zuchtziel &#8211; excellent arbeitende H\u00fctehunde &#8211; haben w\u00fcrde. Erst 70 Jahre sp\u00e4ter, nachdem Border Collies auch au\u00dferhalb der Schafherde zunehmend beliebter wurden und auch zu anderen Zwecken gehalten und gez\u00fcchtet wurden, \u00fcbernahm der Britische Kennel Club auch Border Collies in seine Obhut. Hier wurde ein <strong><a title=\"Border Collie Standard\" href=\"http:\/\/test.adonis-hills.de\/?page_id=191\">Standard<\/a><\/strong> aufgestellt und die Hunde wurden zur Begutachtung im Showring vorgef\u00fchrt.<br \/>\nDer ISDS arbeitet aber weiterhin unabh\u00e4ngig von diesen Zuchtverb\u00e4nden und stellt f\u00fcr Border Collies mit ISDS- Abstammung die ISDS Papiere aus. (aus dem Buch \u201eBorder Collies&#8220; von Dr.Hans Alfed M\u00fcller, Kynos Verlag)<br \/>\nIm Jahre 1981 \u00f6ffnete der deutsche Club f\u00fcr Britische H\u00fctehunde e.V. sein Zuchtbuch f\u00fcr Border Collies. Darum hatte sich vor allem Werner Kupka bem\u00fcht. Er hatte lange Jahre als Farmer in Gro\u00dfbritannien gelebt und als er zur\u00fcckkam, seine geliebten Border Collies nach Deutschland gebracht. Herr Kupka und seine Frau Ulla begr\u00fcndeten mit diesen Hunden ihre ber\u00fchmte Zucht unter dem Namen \u201eof Helenenhof&#8220;. Ihre \u201eFarina of Helenenhof&#8220;, geb. 21.11.78, wurde als erster Border Collie ins deutsche Zuchtbuch eingetragen. Zahlreiche Hunde aus erstklassigen Linien wurden von Familie Kupka in den folgenden Jahren importiert. Und viele deutsche Zuchten gehen auf diese Hunde zur\u00fcck.<br \/>\nLange Jahre vertrat Herr Kupka die Border Collies im <a href=\"http:\/\/www.cfbrh.de\/index.html\"><strong>\u201eClub f\u00fcr Britische H\u00fctehunde e.V.&#8220;<\/strong><\/a> und initiierte 1987 die Gr\u00fcndung der \u201eArbeitsgemeinschaft Border Collie Deutschland&#8220;. Diese lockere Untergruppe des Clubs sollte urspr\u00fcnglich helfen, dem Border Collie in seiner Vielseitigkeit gerecht zu werden. Schon bald konzentrierte man sich jedoch nur noch auf die H\u00fctearbeit und f\u00fchlte sich im eher schau- und zuchtorientierten Club nicht mehr wohl. So kam es zu einer Abspaltung und der Gr\u00fcndung eines eigenen Vereins, der sich seitdem, wenn auch geduldet, au\u00dferhalb des offiziellen Zucht-Dachverbandes (VDH) bewegt. Die Arbeitsgemeinschaft Border Collie Deutschland e.V. hat sich im Laufe der Jahre zu einem gro\u00dfen Verein entwickelt, der die H\u00fcteseite der Rasse durch Lehrg\u00e4nge und Wettk\u00e4mpfe in ganz Deutschland hervorragend f\u00f6rdert.<br \/>\n(aus dem Buch \u201eBorder Collies&#8220; von Rolf C. Franck, Cadmos Verlag)<br \/>\nSeit 2007 verf\u00fcgt dieser Verein <strong>(<a href=\"http:\/\/www.abcdev.de\/\">ABCD<\/a>)<\/strong> auch \u00fcber ein eigenes Zuchtbuch mit regestrierten I.S.D.S Zuchttieren.<\/p>\n","protected":false},"excerpt":{"rendered":"<p>In England und Schottland entstanden im 16. Jahrhundert H\u00fctehunde, aus denen sich allm\u00e4hlich die Collies als hochgesch\u00e4tzte Helfer der Sch\u00e4fer entwickelten. Vor allem auf gro\u00dffl\u00e4chigen, kargen Weiden wurden diese Hunde&hellip; <\/p>\n","protected":false},"author":2,"featured_media":0,"parent":0,"menu_order":0,"comment_status":"closed","ping_status":"closed","template":"","meta":{"footnotes":""},"class_list":["post-223","page","type-page","status-publish","hentry"],"_links":{"self":[{"href":"http:\/\/adonis-hills.de\/index.php?rest_route=\/wp\/v2\/pages\/223","targetHints":{"allow":["GET"]}}],"collection":[{"href":"http:\/\/adonis-hills.de\/index.php?rest_route=\/wp\/v2\/pages"}],"about":[{"href":"http:\/\/adonis-hills.de\/index.php?rest_route=\/wp\/v2\/types\/page"}],"author":[{"embeddable":true,"href":"http:\/\/adonis-hills.de\/index.php?rest_route=\/wp\/v2\/users\/2"}],"replies":[{"embeddable":true,"href":"http:\/\/adonis-hills.de\/index.php?rest_route=%2Fwp%2Fv2%2Fcomments&post=223"}],"version-history":[{"count":8,"href":"http:\/\/adonis-hills.de\/index.php?rest_route=\/wp\/v2\/pages\/223\/revisions"}],"predecessor-version":[{"id":3472,"href":"http:\/\/adonis-hills.de\/index.php?rest_route=\/wp\/v2\/pages\/223\/revisions\/3472"}],"wp:attachment":[{"href":"http:\/\/adonis-hills.de\/index.php?rest_route=%2Fwp%2Fv2%2Fmedia&parent=223"}],"curies":[{"name":"wp","href":"https:\/\/api.w.org\/{rel}","templated":true}]}}