{"id":229,"date":"2015-05-05T13:08:41","date_gmt":"2015-05-05T11:08:41","guid":{"rendered":"http:\/\/test.adonis-hills.de\/?page_id=229"},"modified":"2026-04-08T14:29:47","modified_gmt":"2026-04-08T12:29:47","slug":"natur","status":"publish","type":"page","link":"http:\/\/adonis-hills.de\/?page_id=229","title":{"rendered":"Natur"},"content":{"rendered":"<p>Wir leben am Rande des Oderbruches an den pontischen H\u00e4ngen\u00a0in einem kleinen Dorf:\u00a0<a href=\"http:\/\/de.wikipedia.org\/wiki\/Mallnow\">Mallnow<\/a>\u00a0liegt zwischen Seelow und Lebus in Mitten eines der sch\u00f6nsten Landschaft- und Naturschutzgebiete\u00a0Deutschlands (<a href=\"http:\/\/de.wikipedia.org\/wiki\/Oderh\u00e4nge_Mallnow\">Oderh\u00e4nge Mallnow<\/a>) mit einer Gr\u00f6\u00dfe von \u00fcber 309\u00a0ha.<\/p>\n<p><img loading=\"lazy\" decoding=\"async\" class=\"alignnone size-medium wp-image-8109\" src=\"http:\/\/adonis-hills.de\/wp-content\/uploads\/2026\/04\/IMG_1922-500x332.jpeg\" alt=\"\" width=\"500\" height=\"332\" \/><\/p>\n<p>Hier haben sich ganz nat\u00fcrlich ohne fremdes Zutun die Fr\u00fchlingsadonisr\u00f6schen (<em>Adonis vernalis<\/em>) angesiedelt. Dieses Hahnenfu\u00dfgew\u00e4chs steht unter Naturschutz, ist in Deutschland sehr selten und die ganze Pflanze ist in allen Teilen stark giftig. Sie wird auch als Heilpflanze genutzt.<\/p>\n<p>Informationen zur Namensherkunft des Adonisr\u00f6schens und meines Zwingernamens unter diesem Link: <a title=\"Adonissage\" href=\"http:\/\/test.adonis-hills.de\/?page_id=218\">Adonissage<\/a><\/p>\n<p><a href=\"http:\/\/test.adonis-hills.de\/wp-content\/uploads\/2015\/05\/page59_1.jpg\"><img loading=\"lazy\" decoding=\"async\" class=\"alignnone size-full wp-image-230\" src=\"http:\/\/test.adonis-hills.de\/wp-content\/uploads\/2015\/05\/page59_1.jpg\" alt=\"page59_1\" width=\"708\" height=\"475\" \/><\/a><\/p>\n<p>Das Fr\u00fchlingsadonisr\u00f6schen hat Besuch bekommen.<\/p>\n<p><a href=\"http:\/\/test.adonis-hills.de\/wp-content\/uploads\/2015\/05\/page59_3.jpg\"><img loading=\"lazy\" decoding=\"async\" class=\"alignnone size-full wp-image-231\" src=\"http:\/\/test.adonis-hills.de\/wp-content\/uploads\/2015\/05\/page59_3.jpg\" alt=\"page59_3\" width=\"658\" height=\"442\" \/><\/a><\/p>\n<p>Es wird langsam Fr\u00fchling, das Fr\u00fchlingsadonisr\u00f6schen &#8211; ein Fr\u00fchjahrsbl\u00fcher &#8211; ist erwacht. Die Bl\u00fctezeit ist von Ende M\u00e4rz bis Anfang Mai.<\/p>\n<p>Ab Juni kann man das nicht so bekannte rote Sommeradonisr\u00f6schen (<em>Adonis aestivalis<\/em>) bewundern.<\/p>\n<p><a href=\"http:\/\/test.adonis-hills.de\/wp-content\/uploads\/2015\/05\/page59_5.jpg\"><img loading=\"lazy\" decoding=\"async\" class=\"alignnone size-full wp-image-233\" src=\"http:\/\/test.adonis-hills.de\/wp-content\/uploads\/2015\/05\/page59_5.jpg\" alt=\"page59_5\" width=\"658\" height=\"442\" \/><\/a> <a href=\"http:\/\/test.adonis-hills.de\/wp-content\/uploads\/2015\/05\/page59_4.jpg\"><img loading=\"lazy\" decoding=\"async\" class=\"alignnone size-full wp-image-232\" src=\"http:\/\/test.adonis-hills.de\/wp-content\/uploads\/2015\/05\/page59_4.jpg\" alt=\"page59_4\" width=\"658\" height=\"449\" \/><\/a><\/p>\n","protected":false},"excerpt":{"rendered":"<p>Wir leben am Rande des Oderbruches an den pontischen H\u00e4ngen\u00a0in einem kleinen Dorf:\u00a0Mallnow\u00a0liegt zwischen Seelow und Lebus in Mitten eines der sch\u00f6nsten Landschaft- und Naturschutzgebiete\u00a0Deutschlands (Oderh\u00e4nge Mallnow) mit einer Gr\u00f6\u00dfe&hellip; <\/p>\n","protected":false},"author":2,"featured_media":0,"parent":0,"menu_order":0,"comment_status":"closed","ping_status":"closed","template":"","meta":{"footnotes":""},"class_list":["post-229","page","type-page","status-publish","hentry"],"_links":{"self":[{"href":"http:\/\/adonis-hills.de\/index.php?rest_route=\/wp\/v2\/pages\/229","targetHints":{"allow":["GET"]}}],"collection":[{"href":"http:\/\/adonis-hills.de\/index.php?rest_route=\/wp\/v2\/pages"}],"about":[{"href":"http:\/\/adonis-hills.de\/index.php?rest_route=\/wp\/v2\/types\/page"}],"author":[{"embeddable":true,"href":"http:\/\/adonis-hills.de\/index.php?rest_route=\/wp\/v2\/users\/2"}],"replies":[{"embeddable":true,"href":"http:\/\/adonis-hills.de\/index.php?rest_route=%2Fwp%2Fv2%2Fcomments&post=229"}],"version-history":[{"count":3,"href":"http:\/\/adonis-hills.de\/index.php?rest_route=\/wp\/v2\/pages\/229\/revisions"}],"predecessor-version":[{"id":8128,"href":"http:\/\/adonis-hills.de\/index.php?rest_route=\/wp\/v2\/pages\/229\/revisions\/8128"}],"wp:attachment":[{"href":"http:\/\/adonis-hills.de\/index.php?rest_route=%2Fwp%2Fv2%2Fmedia&parent=229"}],"curies":[{"name":"wp","href":"https:\/\/api.w.org\/{rel}","templated":true}]}}