{"id":27,"date":"2015-03-19T11:33:04","date_gmt":"2015-03-19T10:33:04","guid":{"rendered":"http:\/\/test.adonis-hills.de\/?page_id=27"},"modified":"2025-11-02T18:01:32","modified_gmt":"2025-11-02T17:01:32","slug":"impressum","status":"publish","type":"page","link":"http:\/\/adonis-hills.de\/?page_id=27","title":{"rendered":"Kontakt\/Impressum"},"content":{"rendered":"<p><span style=\"text-decoration: underline;\"><strong>Dienstanbieter gem\u00e4\u00df \u00a7 6 TDG:<\/strong><\/span><\/p>\n<p>S. Kr\u00fcger,<br \/>\nMallnower Dorfstrasse 44<br \/>\n15326 Lebus \/ OT Mallnow &#8211; <a href=\"http:\/\/goo.gl\/maps\/ZnjqL\">hier finden sie uns<\/a><\/p>\n<p>E Mail: <a href=\"mailto:pferdehof_mallnow@mac.com\">Kontakt<\/a><\/p>\n<p><strong>Haftungsausschluss<\/strong><br \/>\nDiese Website wurde mit gr\u00f6\u00dftm\u00f6glicher Sorgfalt zusammengestellt. Trotzdem kann der BC Zwinger &#8222;Adonis Hills&#8220; f\u00fcr die Fehlerfreiheit und Genauigkeit der enthaltenen Informationen nicht garantieren. Wir schlie\u00dfen jegliche Haftung f\u00fcr Sch\u00e4den, die direkt oder indirekt aus der Benutzung dieser Website entstehen aus, soweit diese nicht auf Vorsatz oder grober Fahrl\u00e4ssigkeit von &#8222;Adonis Hills&#8220; beruhen.<\/p>\n<p><strong>Zertifiziert als Hundezucht nach \u00a7 11 TierSchG durch den Kreis M\u00e4rkisch Oderland<\/strong><\/p>\n<p><strong>Copyright<\/strong><br \/>\nAlle Texte und alle Bilder sind (sofern nicht anders vermerkt) geistiges Eigentum von www.adonis-hills.de. Sollten rechtliche Unklarheiten bestehen, m\u00f6chte wir sie bitten, sich mit uns in Verbindung zu setzen.<\/p>\n","protected":false},"excerpt":{"rendered":"<p>Dienstanbieter gem\u00e4\u00df \u00a7 6 TDG: S. Kr\u00fcger, Mallnower Dorfstrasse 44 15326 Lebus \/ OT Mallnow &#8211; hier finden sie uns E Mail: Kontakt Haftungsausschluss Diese Website wurde mit gr\u00f6\u00dftm\u00f6glicher Sorgfalt&hellip; <\/p>\n","protected":false},"author":1,"featured_media":0,"parent":0,"menu_order":0,"comment_status":"closed","ping_status":"closed","template":"","meta":{"footnotes":""},"class_list":["post-27","page","type-page","status-publish","hentry"],"_links":{"self":[{"href":"http:\/\/adonis-hills.de\/index.php?rest_route=\/wp\/v2\/pages\/27","targetHints":{"allow":["GET"]}}],"collection":[{"href":"http:\/\/adonis-hills.de\/index.php?rest_route=\/wp\/v2\/pages"}],"about":[{"href":"http:\/\/adonis-hills.de\/index.php?rest_route=\/wp\/v2\/types\/page"}],"author":[{"embeddable":true,"href":"http:\/\/adonis-hills.de\/index.php?rest_route=\/wp\/v2\/users\/1"}],"replies":[{"embeddable":true,"href":"http:\/\/adonis-hills.de\/index.php?rest_route=%2Fwp%2Fv2%2Fcomments&post=27"}],"version-history":[{"count":16,"href":"http:\/\/adonis-hills.de\/index.php?rest_route=\/wp\/v2\/pages\/27\/revisions"}],"predecessor-version":[{"id":8013,"href":"http:\/\/adonis-hills.de\/index.php?rest_route=\/wp\/v2\/pages\/27\/revisions\/8013"}],"wp:attachment":[{"href":"http:\/\/adonis-hills.de\/index.php?rest_route=%2Fwp%2Fv2%2Fmedia&parent=27"}],"curies":[{"name":"wp","href":"https:\/\/api.w.org\/{rel}","templated":true}]}}