{"id":325,"date":"2015-05-26T16:54:11","date_gmt":"2015-05-26T14:54:11","guid":{"rendered":"http:\/\/test.adonis-hills.de\/?page_id=325"},"modified":"2026-04-08T14:44:37","modified_gmt":"2026-04-08T12:44:37","slug":"in-memories","status":"publish","type":"page","link":"http:\/\/adonis-hills.de\/?page_id=325","title":{"rendered":"in Memories"},"content":{"rendered":"\n<p><strong>Clubjugendsieger 2002<\/strong><\/p>\n\n\n\n<p>&#8222;Brains &#8217;n Beauty Good Luck get it all&#8220; &#8211; <strong>Lucky<\/strong><br>geb. am 10. September 2001<br>gestorben am 20. September&nbsp;2011<\/p>\n\n\n\n<figure class=\"wp-block-image\"><a href=\"http:\/\/test.adonis-hills.de\/wp-content\/uploads\/2015\/05\/P5271707.jpg\"><img loading=\"lazy\" decoding=\"async\" width=\"550\" height=\"412\" src=\"http:\/\/test.adonis-hills.de\/wp-content\/uploads\/2015\/05\/P5271707.jpg\" alt=\"OLYMPUS DIGITAL CAMERA\" class=\"wp-image-326\" srcset=\"http:\/\/adonis-hills.de\/wp-content\/uploads\/2015\/05\/P5271707.jpg 550w, http:\/\/adonis-hills.de\/wp-content\/uploads\/2015\/05\/P5271707-500x375.jpg 500w\" sizes=\"auto, (max-width: 550px) 100vw, 550px\" \/><\/a><\/figure>\n\n\n\n<p>&#8222;Lucky&#8220; ist unser erster Border Collie gewesen. Er arbeitete t\u00e4glich mit auf dem Hof und half mir die Pferde zu holen, auf die Weide zu bringen und um zu koppeln. Er war eine absolut zuverl\u00e4ssige Hilfe und ich vermisse ihn sehr. Er war sehr feinf\u00fchlig, etwas sensibel aber ein treuer Freund und er liebte es bis auf den letzten Tag, mich auf meinen Ausritten zu begleiten. Ganz pl\u00f6tzlich und vollkommen unerwartet verlie\u00df uns Lucky durch einen Schlaganfall auf einem Spaziergang durch unser wundersch\u00f6nes Gel\u00e4nde&#8230;<\/p>\n\n\n\n<hr class=\"wp-block-separator has-alpha-channel-opacity\"\/>\n\n\n\n<p><strong>&nbsp;Deutscher Jugendchampion<\/strong><\/p>\n\n\n\n<p>&#8222;Yanna II Fairy in Red vom Skuddenhof&#8220;-&nbsp;<strong>Luna<br><img loading=\"lazy\" decoding=\"async\" class=\"alignnone size-full wp-image-327\" src=\"http:\/\/test.adonis-hills.de\/wp-content\/uploads\/2015\/05\/page17_1.jpg\" alt=\"page17_1\" width=\"409\" height=\"309\"><\/strong><br>Zuchtempfehlung,<br>geb. am 4. Juli 2003 (rot wei\u00df)<br>gestorben am 19.September 2007<\/p>\n\n\n\n<p>Unser treuer Feuerteufel hat uns durch einen tragischen Unfall f\u00fcr immer verlassen.<br>Such dir einen hellen Stern gleich neben dem Mond, damit wir dich jeden Abend sehen k\u00f6nnen!<br>Wenn die Liebe einen Weg<br>zum Himmel f\u00e4nde<br>und Erinnerungen zu<br>Stufen werden w\u00fcrden,<br>dann w\u00fcrde ich hinaufsteigen<br>und dich zur\u00fcckholen.<\/p>\n\n\n\n<p>Unsere Luna kam im September 2003 zu uns und hat im Sturm die Herzen aller Familienmitglieder erobert. Sie war ein Energieb\u00fcndel und schien Reserven ohne Ende zu haben. Sie begleitete uns auf den Ausritten und war sehr aktiv. Sie war immer eine sehr liebenswerte H\u00fcndin und auch kuscheln und schmusen geh\u00f6rten zu ihren Lieblingsbesch\u00e4ftigungen. Dieser rote Schatz hatte die Zucht des BC Zwingers &#8222;Adonis Hills&#8220; am 26. Mai 2005 mit einem farbenfrohen Wurf von dem Weltsieger und Multichampion <strong>&#8222;Beagold Stanalone&#8220;<\/strong> er\u00f6ffnet: <a href=\"http:\/\/www.adonis-hills.de\/adonis\/adonis\/page1\/page4\/page14\/page14.html\">unser &nbsp;A Wurf<\/a><\/p>\n\n\n\n<hr class=\"wp-block-separator has-alpha-channel-opacity\"\/>\n\n\n\n<p><strong>&nbsp;Hauptstammbuchstute &#8222;Fedina&#8220;,<\/strong><\/p>\n\n\n\n<p>geboren am 22. Februar 1985 (Fedor x Dieben &#8211; eine Diamanttochter)<img loading=\"lazy\" decoding=\"async\" class=\"alignnone size-full wp-image-328\" src=\"http:\/\/test.adonis-hills.de\/wp-content\/uploads\/2015\/05\/page43_5.jpg\" alt=\"page43_5\" width=\"650\" height=\"453\" srcset=\"http:\/\/adonis-hills.de\/wp-content\/uploads\/2015\/05\/page43_5.jpg 650w, http:\/\/adonis-hills.de\/wp-content\/uploads\/2015\/05\/page43_5-500x348.jpg 500w, http:\/\/adonis-hills.de\/wp-content\/uploads\/2015\/05\/page43_5-330x230.jpg 330w\" sizes=\"auto, (max-width: 650px) 100vw, 650px\" \/><br>Unsere gute Fee &#8211; wie sie bei uns liebevoll genannt wurde, war mein erstes, eigenes Pferd und wir beide haben eine innige Freundschaft geschlossen. Der Anfang war nicht immer einfach &#8211; nicht umsonst habe ich sie 1989 preiswert erhalten. Ich wollte ihr die lange Reise zum Exportschlachthof nach Frankreich ersparen. Schon damals erkannte ich ihren wahren Charakter. Deshalb habe ich das Experiment gewagt. Obwohl sie ihr erstes Fohlen nicht angenommen hat und dieses k\u00fcnstlich aufgep\u00e4ppelt werden musste, habe ich die Stute auf eigen Gefahr wieder decken lassen &#8211; viele haben mir keine Hoffnung gemacht &#8211; zu schlecht waren Fee&#8217;s Erinnerungen &#8230; Die treue Seele hat es mir gedankt!!!<\/p>\n\n\n<div class=\"wp-block-image\">\n<figure class=\"alignleft\"><a href=\"http:\/\/test.adonis-hills.de\/wp-content\/uploads\/2015\/05\/page43_1.jpg\"><img loading=\"lazy\" decoding=\"async\" width=\"287\" height=\"450\" src=\"http:\/\/test.adonis-hills.de\/wp-content\/uploads\/2015\/05\/page43_1.jpg\" alt=\"page43_1\" class=\"wp-image-334\"\/><\/a><\/figure>\n<\/div>\n\n\n<p>Am 21. Mai 2011 mu\u00dfte ich Fee schweren Herzens \u00fcber die Regenbogenbr\u00fccke gehen lassen &#8230; zu tief sitzt der Schmerz und ich bin unendlich traurig \u00fcber diesen Verlust. Worte k\u00f6nnen nicht ausdr\u00fccken, was ich empfinde. Meine treue, geliebte Fee &#8211; du hast mein Leben so sehr bereichert, du hattest so ein gutes Herz, so viele Menschen lieben dich und du wirst immer einen ganz festen Platz in unseren Herzen haben. Wir sehen uns hinter dem Regenbogen irgendwann wieder &#8211; versprochen!<\/p>\n\n\n\n<p>Ruhe in Frieden &#8230;.<\/p>\n\n\n\n<hr class=\"wp-block-separator has-alpha-channel-opacity\"\/>\n\n\n\n<p><strong>Katze &#8222;Sally&#8220;&nbsp;<\/strong><\/p>\n\n\n\n<p>geboren November 1999<br>gestorben 02. Januar 2016<\/p>\n\n\n\n<p><a href=\"http:\/\/test.adonis-hills.de\/wp-content\/uploads\/2015\/08\/IMG_3581-e1444564742859.jpg\"><img loading=\"lazy\" decoding=\"async\" class=\"alignnone size-large wp-image-1779\" src=\"http:\/\/test.adonis-hills.de\/wp-content\/uploads\/2015\/08\/IMG_3581-1024x625.jpg\" alt=\"IMG_3581\" width=\"700\" height=\"427\"><br><\/a>Unsere Sally kam im Januar 2000 zu uns und war ein sehr zartes im Sp\u00e4therbst geborenes K\u00e4tzchen. Absolut liebenswert und verschmust schlich sie sich vor allem in mein Herz. Obwohl ich nicht so der Katzenmensch bin, hat es Sally geschafft mein Herz zu erobern. Sie hat vom ersten Wurf unserer Zucht unsere Welpen souver\u00e4n gef\u00fchrt und ihnen liebevoll gezeigt, dass Katzen nicht unbedingt Jagdobjekte sind. Im Alter von 7\/8 Jahren erlitt Sally bereits einen Schlaganfall und erholte sich aber langsam wieder. Seitdem war unsere Sally taub. Sie sa\u00df aber immer p\u00fcnktlich auf die Minute zur F\u00fctterung bereit. So habe ich sie auch am 1. Januar noch putzmunter mit meinen Enkelkindern gef\u00fcttert. Am Samstag den 2. Januar kam sie aber nicht zur F\u00fctterung.&nbsp;Wir fanden sie auf ihrem Schlafplatz im Heu, bewegungsunf\u00e4hig. Sie hatte wieder einen Schlaganfall, den sie leider nicht mehr verkraftet hat.&nbsp;<strong>Ruhe in Frieden<\/strong>, liebe kleine, zarte Sally &#8211; wir vermissen dich so sehr!<\/p>\n\n\n\n<p>\u2014\u2014\u2014\u2014\u2014\u2014\u2014\u2014\u2014\u2014\u2014\u2014\u2014\u2014\u2014\u2014\u2014\u2014\u2014\u2014\u2014\u2014\u2014\u2014\u2014\u2014\u2014\u2014\u2014\u2014\u2014\u2014\u2014\u2014\u2014\u2014<\/p>\n\n\n\n<p>Deutscher Jugendchampion (CfBrH)<br>Jugendsieger Rostock 2006<\/p>\n\n\n\n<p>Eyes of the World el Adonis &#8211; Aron<\/p>\n\n\n\n<p><img loading=\"lazy\" decoding=\"async\" class=\"alignnone size-large wp-image-201\" src=\"http:\/\/adonis-hills.de\/wp-content\/uploads\/2015\/04\/IMG_4547-449x304.jpg\" alt=\"\" width=\"449\" height=\"304\"><br>geb. am 29.11.2005 \u2014 gestorben am 1. November 2017<\/p>\n\n\n\n<p>schwarz.\/ wei\u00df, ZBrH: 11022, Z\u00fcchter: P. Schevenels, &#8222;Eyes of the World&#8220;, Belgien<\/p>\n\n\n\n<p>Aron ist Vater von 48 Borderkindern in den Farben schwarz\/w., rot\/w. und lilac\/w.<br>Nachzucht von Aron in unserer Zuchtst\u00e4tte unter D Wurf, E Wurf, G Wurf, I Wurf, J Wurf, L Wurf, N Wurf, O Wurf und unseres P Wurfes<br>Aron vererbt einen einzigartig, gutm\u00fctigen und liebenswerten Charakter und gibt seinen Kindern ein sehr gutes und kr\u00e4ftiges Fundament mit. Seine treue Seele und sein liebenswerter Charakter lebt in seiner Nachzucht weiter!<\/p>\n\n\n\n<p>Leider erkrankte Aron im Sommer 2014 an Morbus Addison und hat 2 schwere Addison Krisen \u00fcberstanden. Er wurde auf Tabletten eingestellt und kastriert. Mit viel Liebe und Hilfe meiner Tier\u00e4rztin konnten wir Aron noch 3 wundervolle Jahre schenken.<\/p>\n\n\n\n<p>Am 1. November ist er in meinen Armen sehr pl\u00f6tzlich und vollkommen unerwartet verstorben. Ruhe in Frieden, mein Seelenhund! Ich werde dich immer in meinem Herzen tragen!<\/p>\n\n\n\n<hr class=\"wp-block-separator has-alpha-channel-opacity\"\/>\n\n\n\n<p>Unsere Debby ( geb. 27.11.2004) kam Ende Januar 2005 zu uns. Sie war eine sehr kr\u00e4ftige, rahmige H\u00fcndin mit viel Substanz. &nbsp;Sie begleitete uns auf unseren Ausritten durch das wundersch\u00f6ne Oderbruch. Sie forderte alle und Jeden gerne zum Spiel auf. Sie hatte auch viel&nbsp;Freude und Interesse an der Arbeit mit Schafen. &#8222;Debby&#8220; war eine H\u00fcndin die scheinbar nie &#8222;schlechte Laune&#8220; hat &#8230;<\/p>\n\n\n\n<p>Im November 2019 haben wir sie gehen lassen m\u00fcssen. Mit 15 langen liebevollen Jahren haben wir sie ganz tief in unseren Herzen verankert.<\/p>\n\n\n\n<p><img loading=\"lazy\" decoding=\"async\" class=\"alignnone size-full wp-image-2092\" src=\"http:\/\/test.adonis-hills.de\/wp-content\/uploads\/2015\/12\/page3_blog_entry311_1.jpg\" alt=\"Debby\" width=\"650\" height=\"434\" srcset=\"http:\/\/adonis-hills.de\/wp-content\/uploads\/2015\/12\/page3_blog_entry311_1.jpg 650w, http:\/\/adonis-hills.de\/wp-content\/uploads\/2015\/12\/page3_blog_entry311_1-500x334.jpg 500w\" sizes=\"auto, (max-width: 650px) 100vw, 650px\" \/><br>Ihr erster und wundersch\u00f6ner Wurf wurde am 12. Dezember 2006 geboren. Sie ist die Mutter unseres <strong><a href=\"http:\/\/www.adonis-hills.de\/adonis\/page1\/page4\/page30\/page30.html\">C Wurfes<\/a>; <a href=\"http:\/\/www.adonis-hills.de\/adonis\/page1\/page4\/page64\/page64.html\">E Wurfes<\/a>; <a href=\"http:\/\/www.adonis-hills.de\/adonis\/page1\/page4\/HWurf\/HWurf.html\">H Wurfes<\/a>; <a href=\"http:\/\/www.adonis-hills.de\/adonis\/page1\/page4\/I%20Wurf\/IWurf.html\">I Wurfes<\/a>; <a href=\"http:\/\/www.adonis-hills.de\/adonis\/page1\/page4\/page104\/page104.html\">K Wurfes<\/a><\/strong> und<strong><a href=\"http:\/\/www.adonis-hills.de\/adonis\/page1\/page4\/page120\/page120.html\"> M Wurfes<\/a> <\/strong>und hat unsere Zucht sehr gepr\u00e4gt.<br>Nach der Aufzucht ihres M Wurfes im Jahr 2012 ist Debby nun in ihre wohl verdiente Zuchtrente gegangen. Aus ihrem letzten Wurf ist <a title=\"Lotta\" href=\"http:\/\/test.adonis-hills.de\/?page_id=43\"><strong>Adonis Hills Myrrha (Lotta)<\/strong><\/a> bei uns geblieben. Debby&nbsp;ist auch die Oma von unserer <strong><a title=\"Angel\" href=\"http:\/\/test.adonis-hills.de\/?page_id=46\">Angel<\/a><\/strong>&nbsp;und unserer <strong><a href=\"http:\/\/adonis-hills.de\/?page_id=2993\">Biene<\/a><\/strong>,&nbsp;da Angels Mama &#8211; <strong><a href=\"http:\/\/www.adonis-hills.de\/adonis\/page1\/page4\/page30\/page36\/page36.html\">AH Cypria<\/a><\/strong> &#8211; &nbsp;Debby&#8217;s Tochter &nbsp;aus dem <strong><a href=\"http:\/\/www.adonis-hills.de\/adonis\/page1\/page4\/page30\/page30.html\">C Wurf<\/a><\/strong>&nbsp;und <strong><a href=\"http:\/\/test.adonis-hills.de\/?page_id=2993\">Biene&#8217;s<\/a><\/strong> Mama <a href=\"http:\/\/adonis-hills.de\/adonis\/page1\/page4\/I%20Wurf\/page79\/page79.html\"><strong>AH Iris<\/strong><\/a> &#8211; Debby&#8217;s Tochter aus dem <strong><a href=\"http:\/\/adonis-hills.de\/adonis\/page1\/page4\/I%20Wurf\/IWurf.html\">I Wurf<\/a><\/strong> ist. Au\u00dferdem ist sie nun auch die Urgro\u00dfmutter unserer Zo\u00e9 &#8211; so lebt sie in unserer Nachzucht und in unserem Herzen weiten.<\/p>\n\n\n\n<hr class=\"wp-block-separator has-alpha-channel-opacity\"\/>\n\n\n\n<figure class=\"wp-block-image size-medium\"><a href=\"http:\/\/adonis-hills.de\/?page_id=43\"><img loading=\"lazy\" decoding=\"async\" width=\"281\" height=\"500\" src=\"http:\/\/adonis-hills.de\/wp-content\/uploads\/2024\/05\/EACEF4F7-2B3C-410E-95A1-524B54C919A7-e1716656513237-281x500.jpeg\" alt=\"\" class=\"wp-image-7678\" srcset=\"http:\/\/adonis-hills.de\/wp-content\/uploads\/2024\/05\/EACEF4F7-2B3C-410E-95A1-524B54C919A7-e1716656513237-281x500.jpeg 281w, http:\/\/adonis-hills.de\/wp-content\/uploads\/2024\/05\/EACEF4F7-2B3C-410E-95A1-524B54C919A7-e1716656513237.jpeg 400w\" sizes=\"auto, (max-width: 281px) 100vw, 281px\" \/><\/a><figcaption class=\"wp-element-caption\"><a href=\"http:\/\/adonis-hills.de\/?page_id=43\" data-type=\"page\" data-id=\"43\">Adonis Hills Myrrha &#8211; Lotta<\/a><\/figcaption><\/figure>\n\n\n\n<p><em><strong><u>AM<\/u><\/strong><\/em><strong>&nbsp;21.05.2024<\/strong><em><strong><u>&nbsp;\u2013 KURZ VOR IHREM 12. GEBURTSTAG, MUSSTEN WIR UNSER GELIEBTES LOTTCHEN LEIDER GEHEN LASSEN. SIE HATTE EINEN SCHNELL WACHSENDEN TUMOR AN DER SPEISER\u00d6HRE. LEIDER GING ES IHR AM 21.05. MORGENS SEHR SCHLECHT, SODASS WIR SIE SCHWEREN HERZENS VON IHREN LEIDEN ERL\u00d6SEN MUSSTEN. WORTE K\u00d6NNEN DERZEIT UNSERE GEF\u00dcHLE NICHT AUSDR\u00dcCKEN. WIR WERDEN UNSER GELIEBTES KLEINES LOTTCHEN IMMER <\/u><span style=\"text-decoration: underline;\">IN UNSEREM HERZEN TRAGEN<\/span><\/strong><\/em>. <\/p>\n\n\n\n<p>\u2014\u2014\u2014\u2014\u2014\u2014\u2014\u2014\u2014\u2014\u2014\u2014\u2014\u2014\u2014\u2014\u2014\u2014\u2014\u2014\u2014\u2014\u2014<\/p>\n\n\n\n<figure class=\"wp-block-video\"><video height=\"1280\" style=\"aspect-ratio: 720 \/ 1280;\" width=\"720\" controls src=\"http:\/\/adonis-hills.de\/wp-content\/uploads\/2026\/03\/f4978c4dd4304699a14d4b4df34e1fc8-2.mov\"><\/video><\/figure>\n\n\n\n<p>unglaublich und vollkommen unerwartet\/ unertr\u00e4glich nehmen wir Abschied von unserem geliebten Ziggy<\/p>\n\n\n\n<p><\/p>\n","protected":false},"excerpt":{"rendered":"<p>Clubjugendsieger 2002 &#8222;Brains &#8217;n Beauty Good Luck get it all&#8220; &#8211; Luckygeb. am 10. September 2001gestorben am 20. September&nbsp;2011 &#8222;Lucky&#8220; ist unser erster Border Collie gewesen. Er arbeitete t\u00e4glich mit&hellip; <\/p>\n","protected":false},"author":2,"featured_media":0,"parent":0,"menu_order":0,"comment_status":"closed","ping_status":"closed","template":"","meta":{"footnotes":""},"class_list":["post-325","page","type-page","status-publish","hentry"],"_links":{"self":[{"href":"http:\/\/adonis-hills.de\/index.php?rest_route=\/wp\/v2\/pages\/325","targetHints":{"allow":["GET"]}}],"collection":[{"href":"http:\/\/adonis-hills.de\/index.php?rest_route=\/wp\/v2\/pages"}],"about":[{"href":"http:\/\/adonis-hills.de\/index.php?rest_route=\/wp\/v2\/types\/page"}],"author":[{"embeddable":true,"href":"http:\/\/adonis-hills.de\/index.php?rest_route=\/wp\/v2\/users\/2"}],"replies":[{"embeddable":true,"href":"http:\/\/adonis-hills.de\/index.php?rest_route=%2Fwp%2Fv2%2Fcomments&post=325"}],"version-history":[{"count":28,"href":"http:\/\/adonis-hills.de\/index.php?rest_route=\/wp\/v2\/pages\/325\/revisions"}],"predecessor-version":[{"id":8132,"href":"http:\/\/adonis-hills.de\/index.php?rest_route=\/wp\/v2\/pages\/325\/revisions\/8132"}],"wp:attachment":[{"href":"http:\/\/adonis-hills.de\/index.php?rest_route=%2Fwp%2Fv2%2Fmedia&parent=325"}],"curies":[{"name":"wp","href":"https:\/\/api.w.org\/{rel}","templated":true}]}}