{"id":37,"date":"2015-03-19T12:24:22","date_gmt":"2015-03-19T11:24:22","guid":{"rendered":"http:\/\/test.adonis-hills.de\/?page_id=37"},"modified":"2015-06-09T13:29:17","modified_gmt":"2015-06-09T11:29:17","slug":"der-border-collie","status":"publish","type":"page","link":"http:\/\/adonis-hills.de\/?page_id=37","title":{"rendered":"Der Border Collie"},"content":{"rendered":"<p style=\"text-align: left;\"><a href=\"http:\/\/test.adonis-hills.de\/wp-content\/uploads\/2015\/06\/Alt_Madlitz08.jpg\"><img loading=\"lazy\" decoding=\"async\" class=\"alignnone size-full wp-image-415\" src=\"http:\/\/test.adonis-hills.de\/wp-content\/uploads\/2015\/06\/Alt_Madlitz08.jpg\" alt=\"Alt_Madlitz08\" width=\"450\" height=\"206\" \/><\/a><br \/>\n<em><a href=\"http:\/\/www.adonis-hills.de\/adonis\/page1\/page4\/page14\/page20\/page20.html\" rel=\"self\">&#8222;Adonis Hills Amethyst&#8220;<\/a>\u00a0&#8211;\u00a0Rico bei der Arbeit an Schafen<\/em><\/p>\n<p>Das j\u00fcngste Mitglied der Familie der Britischen H\u00fctehunde ist der Border Collie. Sein Ursprungsland ist Gro\u00dfbritanien, wo er seit der Jahrhundertwende und auch heute noch von der\u00a0<a href=\"http:\/\/www.isds.org.uk\/\" rel=\"self\">International Sheep Dog Society (I.S.D.S.)<\/a>\u00a0vertreten wird.<br \/>\nAls arbeitender H\u00fctehund ist er auf der ganzen Welt anzutreffen, vorwiegend dort wo es Schaf- und Rinderherden zu treiben gibt. Eine erste Beschreibung seiner lautlosen, geduckten und behutsamen Arbeitsweise wurde 1570 niedergeschrieben. Die F\u00e4higkeit, an Tieren auch selbst\u00e4ndig zu arbeiten, ist dem Border Collie angeboren. Seine Aufgaben an der Herde kennt er instinktiv. Durch gezieltes Training k\u00f6nnen diese noch erweitert und verfeinert werden. Auf vorbereiteten H\u00fctewettbewerben, die zur Pr\u00fcfung und Selektion der Besten seiner Rasse dienen, werden diese F\u00e4higkeiten und Fertigkeiten dann gezeigt.<br \/>\nIm Einvernehmen mit dem I.S.D.S. wurde der Border Collie 1976 vom Cennel Club in London als Rasse f\u00fcr Ausstellungszwecke anerkannt. Seitdem finden Border Collies auch bei uns ihren Weg in den Ausstellungsring. Nachdem die F.C.I. diesen Schritt genehmigte, konnte der\u00a0<a href=\"http:\/\/www.cfbrh.de\/\" rel=\"self\">Club f\u00fcr Britische H\u00fctehunde<\/a>\u00a01978 die zuchtbuchm\u00e4\u00dfige Betreuung \u00fcbernehmen.<br \/>\nDie\u00a0<a href=\"http:\/\/test.adonis-hills.de\/?page_id=223\" rel=\"self\">Geschichte des BC<\/a>\u00a0&#8211; bitte auf diesen Link dr\u00fccken.<\/p>\n<p>Der <a title=\"BC Standard\" href=\"http:\/\/test.adonis-hills.de\/?page_id=191\">Rassestandard des Border Collie&#8217;s<\/a><\/p>\n","protected":false},"excerpt":{"rendered":"<p>&#8222;Adonis Hills Amethyst&#8220;\u00a0&#8211;\u00a0Rico bei der Arbeit an Schafen Das j\u00fcngste Mitglied der Familie der Britischen H\u00fctehunde ist der Border Collie. Sein Ursprungsland ist Gro\u00dfbritanien, wo er seit der Jahrhundertwende und&hellip; <\/p>\n","protected":false},"author":1,"featured_media":0,"parent":0,"menu_order":0,"comment_status":"closed","ping_status":"closed","template":"","meta":{"footnotes":""},"class_list":["post-37","page","type-page","status-publish","hentry"],"_links":{"self":[{"href":"http:\/\/adonis-hills.de\/index.php?rest_route=\/wp\/v2\/pages\/37","targetHints":{"allow":["GET"]}}],"collection":[{"href":"http:\/\/adonis-hills.de\/index.php?rest_route=\/wp\/v2\/pages"}],"about":[{"href":"http:\/\/adonis-hills.de\/index.php?rest_route=\/wp\/v2\/types\/page"}],"author":[{"embeddable":true,"href":"http:\/\/adonis-hills.de\/index.php?rest_route=\/wp\/v2\/users\/1"}],"replies":[{"embeddable":true,"href":"http:\/\/adonis-hills.de\/index.php?rest_route=%2Fwp%2Fv2%2Fcomments&post=37"}],"version-history":[{"count":13,"href":"http:\/\/adonis-hills.de\/index.php?rest_route=\/wp\/v2\/pages\/37\/revisions"}],"predecessor-version":[{"id":473,"href":"http:\/\/adonis-hills.de\/index.php?rest_route=\/wp\/v2\/pages\/37\/revisions\/473"}],"wp:attachment":[{"href":"http:\/\/adonis-hills.de\/index.php?rest_route=%2Fwp%2Fv2%2Fmedia&parent=37"}],"curies":[{"name":"wp","href":"https:\/\/api.w.org\/{rel}","templated":true}]}}