{"id":43,"date":"2015-03-19T12:30:51","date_gmt":"2015-03-19T11:30:51","guid":{"rendered":"http:\/\/test.adonis-hills.de\/?page_id=43"},"modified":"2024-05-25T19:23:43","modified_gmt":"2024-05-25T17:23:43","slug":"hund-1","status":"publish","type":"page","link":"http:\/\/adonis-hills.de\/?page_id=43","title":{"rendered":"Lotta"},"content":{"rendered":"<p><strong><span style=\"text-decoration: underline;\">Adonis Hills Myrrha \u00a0<span style=\"color: #ff0000;\">(nicht mehr in der Zucht aus Altersgr\u00fcnden)<\/span><\/span><\/strong><\/p>\n<p style=\"text-align: left;\"><img loading=\"lazy\" decoding=\"async\" class=\"size-medium wp-image-7678 alignleft\" src=\"http:\/\/adonis-hills.de\/wp-content\/uploads\/2024\/05\/EACEF4F7-2B3C-410E-95A1-524B54C919A7-e1716656513237-281x500.jpeg\" alt=\"\" width=\"281\" height=\"500\" srcset=\"http:\/\/adonis-hills.de\/wp-content\/uploads\/2024\/05\/EACEF4F7-2B3C-410E-95A1-524B54C919A7-e1716656513237-281x500.jpeg 281w, http:\/\/adonis-hills.de\/wp-content\/uploads\/2024\/05\/EACEF4F7-2B3C-410E-95A1-524B54C919A7-e1716656513237.jpeg 400w\" sizes=\"auto, (max-width: 281px) 100vw, 281px\" \/><\/p>\n<p style=\"text-align: left;\">\n<h6 style=\"text-align: left;\"><span style=\"color: #000000;\"><em><b><u>Am<\/u><\/b><\/em><b><u> <\/u><\/b><b><u>21.05.2024<\/u><\/b><em><b><u> &#8211; kurz vor ihrem 12. Geburtstag, mussten wir unser geliebtes Lottchen leider gehen lassen. Sie hatte einen schnell wachsenden Tumor an der Speiser\u00f6hre. Leider ging es ihr am 21.05. morgens sehr schlecht, sodass wir sie schweren Herzens von ihren Leiden erl\u00f6sen mussten. Worte k\u00f6nnen derzeit unsere Gef\u00fchle nicht ausdr\u00fccken. Wir werden unser geliebtes kleines Lottchen immer in unserem Herzen tragen.<\/u><\/b><\/em><\/span><\/h6>\n<p><span style=\"font-size: revert;\"><\/p>\n<p>(Myrrha &#8211; ist in der griechischen Sage die Mutter des Adonis) &#8211; Rufname &#8222;Lotta&#8220;<\/span><\/p>\n<p>Lotta war der letzte Welpe von unserer <strong><a title=\"Debby\" href=\"http:\/\/test.adonis-hills.de\/?page_id=124\">Debby<\/a><\/strong>.\u00a0Damit haben uns Debby u. <strong><a href=\"http:\/\/www.adonis-hills.de\/adonis\/page1\/page4\/page14\/page21\/page21.html\">AH Attila<\/a><\/strong> einen sehr lang gehegten Wunsch erf\u00fcllt. Lotta wird in unserem Rudel bleiben und\u00a0ihre\u00a0und die Gene ihrer Eltern\u00a0weitertragen &#8230;.<br \/>\nHD A1, ophthalmologische Untersuchung am 3.6.2013 &#8211; Glaukom frei und frei von erblichen Augenerkrankungen wie PRA, Katar., MPP, RD und sonstigen, CEA Carrier (getestet bei Optigen), TNS und CL normal (durch die Gentests der Elterntiere), vollst\u00e4ndiges Scherengebiss<br \/>\nZB Nr. 15971<\/p>\n<p><strong><a href=\"http:\/\/test.adonis-hills.de\/wp-content\/uploads\/2015\/10\/Pedigree-Lotta-.jpg\">PEDIGREE<\/a><\/strong><\/p>\n<p><a href=\"http:\/\/test.adonis-hills.de\/wp-content\/uploads\/2015\/04\/page126_1.jpg\"><img loading=\"lazy\" decoding=\"async\" class=\"alignnone size-full wp-image-116\" src=\"http:\/\/test.adonis-hills.de\/wp-content\/uploads\/2015\/04\/page126_1.jpg\" alt=\"page126_1\" width=\"521\" height=\"389\" \/><br \/>\n<\/a><span style=\"line-height: 1.5;\">geboren am 30.05.2012,\u00a0<\/span><span style=\"line-height: 1.5;\">H\u00fcndin, schwarz tricolour, K\u00f6rklasse 2 , K\u00f6rma\u00df 47 cm<\/span><\/p>\n<p>Ausstellungen:<br \/>\nCACIB Leipzig am 24.08.2013: sg<br \/>\nGerman Winner Show Leipzig am 25.08.2013: sg<br \/>\nK\u00f6rbericht von C.P. Fricke:<br \/>\n&#8222;Feminine tricolour H\u00fcndin mit sehr sch\u00f6nem Kopf und Ausdruck, vollzahniges Scherengebiss, gut geschnittene, dunkle Augen, Ohren etwas seitlich getragen, gute Halsl\u00e4nge, noch etwas weich im R\u00fccken, gut gew\u00f6lbte Kruppe, Brusttiefe und Winkelungen sollten noch ausreifen, m\u00fchelos in der Bewegung, dabei noch etwas ungebunden auf der Vor- und Hinterhand, ausgeglichenes, aufmerksames Verhalten.&#8220;<\/p>\n<p>Lotta hat im Januar 2015 ihre ersten wundervollen Welpen aufgezogen &#8211; \u00a0unseren\u00a0<a href=\"http:\/\/www.adonis-hills.de\/adonis\/page1\/page4\/page2\/page2.html\"><strong>Q Wurf.<\/strong><br \/>\n<\/a>Au\u00dferdem ist sie die Mutter unseres <a href=\"http:\/\/test.adonis-hills.de\/?page_id=2499\"><strong>\u00a0T Wurf ,\u00a0<\/strong><\/a><a href=\"http:\/\/test.adonis-hills.de\/?page_id=3555\"><strong>\u00a0V Wurfes<\/strong><\/a><strong>\u00a0, <a href=\"http:\/\/adonis-hills.de\/?page_id=4373\">X Wurfes ,<\/a><\/strong>unseres <a href=\"http:\/\/adonis-hills.de\/?testimonials=a2-wurf\"><b>A2 Wurfes.\u00a0<\/b><\/a>und unseres <a href=\"http:\/\/adonis-hills.de\/?testimonials=d2-wurf\"><b><u>D2 Wurfes<\/u><\/b><\/a>.<\/p>\n<p>Lotta geht nun in ihren wohl verdienten Zuchtruhestand. Sie war eine absolut liebenswerte Mutterh\u00fcndin! Danke f\u00fcr deine tollen Welpen!<\/p>\n<p><span style=\"font-size: revert;\">Unsere kleine Lotta im Alter von 1 Tag:<\/span><\/p>\n<p><a href=\"http:\/\/test.adonis-hills.de\/wp-content\/uploads\/2015\/04\/page126_4.jpg\"><img loading=\"lazy\" decoding=\"async\" class=\"alignnone wp-image-119\" src=\"http:\/\/test.adonis-hills.de\/wp-content\/uploads\/2015\/04\/page126_4.jpg\" alt=\"page126_4\" width=\"330\" height=\"177\" \/><\/a>\u00a0<a href=\"http:\/\/test.adonis-hills.de\/wp-content\/uploads\/2015\/04\/page126_5.jpg\"><img loading=\"lazy\" decoding=\"async\" class=\"alignnone wp-image-118\" src=\"http:\/\/test.adonis-hills.de\/wp-content\/uploads\/2015\/04\/page126_5.jpg\" alt=\"page126_5\" width=\"265\" height=\"175\" \/><\/a><\/p>\n","protected":false},"excerpt":{"rendered":"<p>Adonis Hills Myrrha \u00a0(nicht mehr in der Zucht aus Altersgr\u00fcnden) Am 21.05.2024 &#8211; kurz vor ihrem 12. Geburtstag, mussten wir unser geliebtes Lottchen leider gehen lassen. Sie hatte einen schnell&hellip; <\/p>\n","protected":false},"author":1,"featured_media":0,"parent":0,"menu_order":0,"comment_status":"closed","ping_status":"closed","template":"","meta":{"footnotes":""},"class_list":["post-43","page","type-page","status-publish","hentry"],"_links":{"self":[{"href":"http:\/\/adonis-hills.de\/index.php?rest_route=\/wp\/v2\/pages\/43","targetHints":{"allow":["GET"]}}],"collection":[{"href":"http:\/\/adonis-hills.de\/index.php?rest_route=\/wp\/v2\/pages"}],"about":[{"href":"http:\/\/adonis-hills.de\/index.php?rest_route=\/wp\/v2\/types\/page"}],"author":[{"embeddable":true,"href":"http:\/\/adonis-hills.de\/index.php?rest_route=\/wp\/v2\/users\/1"}],"replies":[{"embeddable":true,"href":"http:\/\/adonis-hills.de\/index.php?rest_route=%2Fwp%2Fv2%2Fcomments&post=43"}],"version-history":[{"count":37,"href":"http:\/\/adonis-hills.de\/index.php?rest_route=\/wp\/v2\/pages\/43\/revisions"}],"predecessor-version":[{"id":7689,"href":"http:\/\/adonis-hills.de\/index.php?rest_route=\/wp\/v2\/pages\/43\/revisions\/7689"}],"wp:attachment":[{"href":"http:\/\/adonis-hills.de\/index.php?rest_route=%2Fwp%2Fv2%2Fmedia&parent=43"}],"curies":[{"name":"wp","href":"https:\/\/api.w.org\/{rel}","templated":true}]}}