{"id":46,"date":"2015-03-19T12:31:09","date_gmt":"2015-03-19T11:31:09","guid":{"rendered":"http:\/\/test.adonis-hills.de\/?page_id=46"},"modified":"2022-01-09T19:04:13","modified_gmt":"2022-01-09T18:04:13","slug":"angel","status":"publish","type":"page","link":"http:\/\/adonis-hills.de\/?page_id=46","title":{"rendered":"Angel"},"content":{"rendered":"<h3><strong><span style=\"text-decoration: underline;\"><span style=\"color: #ff0000; text-decoration: underline;\">\u00a0Deutscher Champion (Club und VDH)<\/span><\/span><\/strong><\/h3>\n<p><span style=\"text-decoration: underline;\"><strong>&#8222;Treemountains Guardian Angel&#8220; &#8211; Angel\u00a0<span style=\"color: #ff0000;\">(aus Altersgr\u00fcnden nicht mehr in der Zucht)<\/span><\/strong><\/span><\/p>\n<p><img loading=\"lazy\" decoding=\"async\" class=\"alignnone size-full wp-image-2844\" src=\"http:\/\/test.adonis-hills.de\/wp-content\/uploads\/2016\/08\/20160702-18-e1471340171425.jpg\" alt=\"20160702-18\" width=\"342\" height=\"450\" \/><\/p>\n<p><img loading=\"lazy\" decoding=\"async\" class=\"alignnone size-full wp-image-2847\" src=\"http:\/\/test.adonis-hills.de\/wp-content\/uploads\/2016\/08\/20160702-12-e1471340073466.jpg\" alt=\"20160702-12\" width=\"450\" height=\"322\" \/><\/p>\n<p>H\u00fcndin,<\/p>\n<p>VDH\/ZBrH BOC 15845, HD A2, ophthalmologische Untersuchung am 3.6.2013 &#8211; Glaukom frei und frei von erblichen Augenerkrankungen wie PRA, Katar., MPP, RD und sonstigen, TNS, CEA und CL frei durch die Eltern<br \/>vollst\u00e4ndiges Scherengebiss,<br \/>schwarz\/wei\u00df (genetisch Blautr\u00e4ger)<br \/>geboren am 5.5.2012, K\u00f6rklasse 1, K\u00f6rma\u00df: 48 cm<\/p>\n<p><strong><a href=\"http:\/\/test.adonis-hills.de\/wp-content\/uploads\/2015\/10\/Angel-Pedigree.jpg\">PEDIGREE<\/a><\/strong><\/p>\n<p>&#8222;Angel&#8220; hat im Sommer 2014 ihre ersten wundervollen Welpen aufgezogen &#8211;\u00a0<strong><a href=\"http:\/\/www.adonis-hills.de\/adonis\/page1\/page4\/page143\/page143.html\">unser O Wurf<\/a>\u00a0. <\/strong>Sie ist au\u00dferdem auch die\u00a0Mutter unseres <strong><a href=\"http:\/\/test.adonis-hills.de\/?page_id=640\">\u00a0S Wurfes<\/a>\u00a0<\/strong>, <span style=\"text-decoration: underline;\"><strong><a href=\"http:\/\/test.adonis-hills.de\/?page_id=3095\">U Wurfes, <\/a><\/strong><\/span><a href=\"http:\/\/adonis-hills.de\/?page_id=3992\"><u style=\"font-weight: bold;\">W-Wurfes ,<\/u><\/a>von unserem <a href=\"http:\/\/adonis-hills.de\/?page_id=5032\"><b>Z Wurf<\/b><\/a>\u00a0 (aus diesem Wurf ist <a href=\"http:\/\/adonis-hills.de\/?page_id=5022\"><b>AH Zo\u00e9<\/b><\/a> bei uns geblieben) und unseres <a href=\"http:\/\/adonis-hills.de\/?testimonials=c2-wurf\"><b><u>C2 Wurfes<\/u><\/b><\/a>.<\/p>\n<p>Auch unsere \u201eAngel\u201c geht nun in ihre wohl verdiente Zuchtrente. Ihre Gene werden in ihrer Tochter <a href=\"http:\/\/adonis-hills.de\/?page_id=5022\"><b><u>AH Zo\u00e9<\/u><\/b><\/a> weitergetragen. Wir sind unheimlich stolz und dankbar f\u00fcr diese phantastische H\u00fcndin.<\/p>\n<p>Angel lebt seit 11\/2020 in einer bekannten Pflegefamilie ganz in unserer N\u00e4he und besucht uns regelm\u00e4\u00dfig. Sie genie\u00dft die alleinige Liebe und Aufmerksamkeit der gesamten Familie.<\/p>\n<p>Die Eltern unseres kleinen Engels:<br \/><a href=\"http:\/\/test.adonis-hills.de\/wp-content\/uploads\/2015\/03\/page119_2.jpg\"><img loading=\"lazy\" decoding=\"async\" class=\"alignnone wp-image-164\" src=\"http:\/\/test.adonis-hills.de\/wp-content\/uploads\/2015\/03\/page119_2.jpg\" alt=\"page119_2\" width=\"277\" height=\"260\" \/><\/a>\u00a0<a href=\"http:\/\/test.adonis-hills.de\/wp-content\/uploads\/2015\/03\/page119_3.jpg\"><img loading=\"lazy\" decoding=\"async\" class=\"alignnone wp-image-165\" src=\"http:\/\/test.adonis-hills.de\/wp-content\/uploads\/2015\/03\/page119_3.jpg\" alt=\"page119_3\" width=\"321\" height=\"261\" \/><br \/><\/a>Vater: <a href=\"http:\/\/www.fromupthecoast.de\/\">Border Top&#8217;s Kadmos &#8211; Bj\u00e4sse<\/a> (HD A) lebt im Border Collie Kennel &#8222;<a href=\"http:\/\/www.fromupthecoast.de\/\">From up the coast<\/a>&#8222;,<br \/>Mutter: <a href=\"http:\/\/www.adonis-hills.de\/adonis\/page1\/page4\/page30\/page36\/page36.html\">Adonis Hills Cypria &#8211; Cyp<\/a> (HD A) lebt im Border Collie Kennel: <a href=\"http:\/\/www.treemountains.de\/\">Treemountains<br \/><\/a><em>(Bilder mit freundlicher Genehmigung der Besitzer von Bj\u00e4sse und Cyp)<\/em><\/p>\n<p><a href=\"http:\/\/www.adonis-hills.de\/adonis\/page1\/page4\/page30\/page36\/page36.html\">AH Cypria<\/a> ist eine Tochter unserer <a href=\"http:\/\/test.adonis-hills.de\/?page_id=124\">Debby (On my Own Dark Angel)<\/a> und unseres Nachzuchtr\u00fcden &#8222;<a href=\"http:\/\/www.adonis-hills.de\/adonis\/page1\/page4\/page14\/page20\/page20.html\">Adonis Hills Amethyst<\/a>&#8222;.<\/p>\n<p>&#8222;Angel&#8220; 9 Wochen:<br \/><a href=\"http:\/\/test.adonis-hills.de\/wp-content\/uploads\/2015\/03\/page119_4.jpg\"><img loading=\"lazy\" decoding=\"async\" class=\"alignnone size-full wp-image-166\" src=\"http:\/\/test.adonis-hills.de\/wp-content\/uploads\/2015\/03\/page119_4.jpg\" alt=\"page119_4\" width=\"650\" height=\"460\" srcset=\"http:\/\/adonis-hills.de\/wp-content\/uploads\/2015\/03\/page119_4.jpg 650w, http:\/\/adonis-hills.de\/wp-content\/uploads\/2015\/03\/page119_4-211x150.jpg 211w\" sizes=\"auto, (max-width: 650px) 100vw, 650px\" \/><\/a><\/p>\n\n\n<p><br><\/p>\n","protected":false},"excerpt":{"rendered":"<p>\u00a0Deutscher Champion (Club und VDH) &#8222;Treemountains Guardian Angel&#8220; &#8211; Angel\u00a0(aus Altersgr\u00fcnden nicht mehr in der Zucht) H\u00fcndin, VDH\/ZBrH BOC 15845, HD A2, ophthalmologische Untersuchung am 3.6.2013 &#8211; Glaukom frei und&hellip; <\/p>\n","protected":false},"author":1,"featured_media":0,"parent":0,"menu_order":0,"comment_status":"closed","ping_status":"closed","template":"","meta":{"footnotes":""},"class_list":["post-46","page","type-page","status-publish","hentry"],"_links":{"self":[{"href":"http:\/\/adonis-hills.de\/index.php?rest_route=\/wp\/v2\/pages\/46","targetHints":{"allow":["GET"]}}],"collection":[{"href":"http:\/\/adonis-hills.de\/index.php?rest_route=\/wp\/v2\/pages"}],"about":[{"href":"http:\/\/adonis-hills.de\/index.php?rest_route=\/wp\/v2\/types\/page"}],"author":[{"embeddable":true,"href":"http:\/\/adonis-hills.de\/index.php?rest_route=\/wp\/v2\/users\/1"}],"replies":[{"embeddable":true,"href":"http:\/\/adonis-hills.de\/index.php?rest_route=%2Fwp%2Fv2%2Fcomments&post=46"}],"version-history":[{"count":77,"href":"http:\/\/adonis-hills.de\/index.php?rest_route=\/wp\/v2\/pages\/46\/revisions"}],"predecessor-version":[{"id":6639,"href":"http:\/\/adonis-hills.de\/index.php?rest_route=\/wp\/v2\/pages\/46\/revisions\/6639"}],"wp:attachment":[{"href":"http:\/\/adonis-hills.de\/index.php?rest_route=%2Fwp%2Fv2%2Fmedia&parent=46"}],"curies":[{"name":"wp","href":"https:\/\/api.w.org\/{rel}","templated":true}]}}