{"id":5022,"date":"2019-03-14T12:28:28","date_gmt":"2019-03-14T11:28:28","guid":{"rendered":"http:\/\/adonis-hills.de\/?page_id=5022"},"modified":"2025-07-31T14:39:38","modified_gmt":"2025-07-31T12:39:38","slug":"nr-7-huendin","status":"publish","type":"page","link":"http:\/\/adonis-hills.de\/?page_id=5022","title":{"rendered":"AH Zo\u00e9"},"content":{"rendered":"<h3>Adonis Hills Zo\u00e9<\/h3>\n<p><strong>H\u00fcndin,<\/strong> geb. am 12.03.2019, VDH\/ ZBrH BOC 23131<br \/>\nBlack\/w. &#8211; <strong><span style=\"color: #ff0000;\">kastriert<\/span><\/strong><\/p>\n<div id=\"attachment_6051\" style=\"width: 510px\" class=\"wp-caption alignnone\"><img loading=\"lazy\" decoding=\"async\" aria-describedby=\"caption-attachment-6051\" class=\"wp-image-6051 size-medium\" src=\"http:\/\/adonis-hills.de\/wp-content\/uploads\/2020\/04\/6A38C480-C34A-4B54-9653-97032C0F4848-500x333.jpeg\" alt=\"\" width=\"500\" height=\"333\" \/><p id=\"caption-attachment-6051\" class=\"wp-caption-text\">Zo\u00e9 in den bl\u00fchenden Adonisr\u00f6schen<\/p><\/div>\n<p><b>HD: A, ED: 0, OCD frei, WR 50 cm<\/b>, K\u00f6rklasse 1, Augenuntersuchung am 22.4.2020 &#8211; alle erblichen Augenerkrankungen &#8211; frei<br \/>\ngen. frei (N\/N get. bei Labogen) von CEA, TNS, IGS, GG, NCL, SN und MDR1 +\/+<br \/>\n<b>Vater<\/b>: <strong><span style=\"color: #ff0000;\">World Winner 2018 u. 2021;\u00a0<\/span><\/strong><strong><span style=\"color: #ff0000;\">Europa Winner<\/span> <span style=\"color: #ff0000;\">2019<\/span><\/strong>,\u00a0<strong>Intern. Champ.<\/strong>\u00a0&#8211; Import Australien &#8211; \u201eTehya Show Me The World\u201c &#8211; <b><a href=\"https:\/\/alderaan-bordercollies.weebly.com\/tehya-show-me-the-world.html\">Sheldon<\/a><br \/>\n<\/b><b>Mutter<\/b>: <strong>VDH Champ.<\/strong> \u201eTreemountains Guardian Angel\u201c unsere <a href=\"http:\/\/adonis-hills.de\/?page_id=46\"><b>Angel<\/b><\/a><b><br \/>\n<\/b><\/p>\n<p><strong>Diese kleine Zaubermaus wird unser Rudel erweitern.<\/strong><\/p>\n<p>Zo\u00e9 hat am 13.03.2021 ihren ersten phantastischen Wurf bekommen. Es ist unser <b><a href=\"http:\/\/adonis-hills.de\/?testimonials=f2-wurf\">F2 Wurf<\/a>. Sie ist au\u00dferdem die Mutter unseres <a href=\"http:\/\/adonis-hills.de\/?testimonials=g2-wurf\">G2 Wurfes<\/a> und von unserem Einzelkind \u201eJoya\u201c aus dem <a href=\"http:\/\/adonis-hills.de\/?testimonials=j2-wurf\">J2 Wurf<\/a>.<\/b><\/p>\n<p>\u201eZo\u00e9\u201c lebt in einem mir sehr gut bekannten und vertrautem Haushalt mit AH Border Collie Erfahrung seit 2008, zusammen mit einem Enkelsohn von ihr.<\/p>\n<p><img loading=\"lazy\" decoding=\"async\" class=\"wp-image-6049 size-medium\" src=\"http:\/\/adonis-hills.de\/wp-content\/uploads\/2020\/04\/1E13AAE9-1C57-4874-BCD5-ADA551298A8C-500x333.jpeg\" alt=\"\" width=\"500\" height=\"333\" \/><\/p>\n<p><img loading=\"lazy\" decoding=\"async\" class=\"alignnone size-medium wp-image-6050\" src=\"http:\/\/adonis-hills.de\/wp-content\/uploads\/2020\/04\/63640796-4DD2-4A7D-9A28-09BDDA52A578-500x333.jpeg\" alt=\"\" width=\"500\" height=\"333\" \/><\/p>\n<div id=\"attachment_6048\" style=\"width: 510px\" class=\"wp-caption alignnone\"><img loading=\"lazy\" decoding=\"async\" aria-describedby=\"caption-attachment-6048\" class=\"wp-image-6048 size-medium\" src=\"http:\/\/adonis-hills.de\/wp-content\/uploads\/2020\/04\/C6910C05-3CE7-4C94-8732-46190BCD1109-500x333.jpeg\" alt=\"\" width=\"500\" height=\"333\" \/><p id=\"caption-attachment-6048\" class=\"wp-caption-text\">Zo\u00e9 &#8211; 1 Jahr<\/p><\/div>\n<p>6 Monate &#8211; Zo\u00e9 w\u00e4chst und gedeiht pr\u00e4chtig!<\/p>\n<p><img loading=\"lazy\" decoding=\"async\" class=\"alignnone wp-image-5606 size-medium\" src=\"http:\/\/adonis-hills.de\/wp-content\/uploads\/2019\/10\/7F86CB10-56B6-42A1-8F9F-8BDC3D84C440-375x500.jpeg\" alt=\"\" width=\"375\" height=\"500\" \/><\/p>\n<p>5 Wochen<img loading=\"lazy\" decoding=\"async\" class=\"alignnone wp-image-5297 size-large\" src=\"http:\/\/adonis-hills.de\/wp-content\/uploads\/2019\/04\/E7256C9C-A376-45C0-971C-A211070DFF5F-1024x683.jpeg\" alt=\"\" width=\"700\" height=\"467\" srcset=\"http:\/\/adonis-hills.de\/wp-content\/uploads\/2019\/04\/E7256C9C-A376-45C0-971C-A211070DFF5F-1024x683.jpeg 1024w, http:\/\/adonis-hills.de\/wp-content\/uploads\/2019\/04\/E7256C9C-A376-45C0-971C-A211070DFF5F-500x333.jpeg 500w, http:\/\/adonis-hills.de\/wp-content\/uploads\/2019\/04\/E7256C9C-A376-45C0-971C-A211070DFF5F-768x512.jpeg 768w, http:\/\/adonis-hills.de\/wp-content\/uploads\/2019\/04\/E7256C9C-A376-45C0-971C-A211070DFF5F.jpeg 1600w\" sizes=\"auto, (max-width: 700px) 100vw, 700px\" \/><\/p>\n<p><img loading=\"lazy\" decoding=\"async\" class=\"alignnone wp-image-5271 size-medium\" src=\"http:\/\/adonis-hills.de\/wp-content\/uploads\/2019\/04\/4485DD93-30AC-4494-9222-F68034640D38-333x500.jpeg\" alt=\"\" width=\"333\" height=\"500\" srcset=\"http:\/\/adonis-hills.de\/wp-content\/uploads\/2019\/04\/4485DD93-30AC-4494-9222-F68034640D38-333x500.jpeg 333w, http:\/\/adonis-hills.de\/wp-content\/uploads\/2019\/04\/4485DD93-30AC-4494-9222-F68034640D38-768x1152.jpeg 768w, http:\/\/adonis-hills.de\/wp-content\/uploads\/2019\/04\/4485DD93-30AC-4494-9222-F68034640D38-683x1024.jpeg 683w, http:\/\/adonis-hills.de\/wp-content\/uploads\/2019\/04\/4485DD93-30AC-4494-9222-F68034640D38.jpeg 1067w\" sizes=\"auto, (max-width: 333px) 100vw, 333px\" \/><\/p>\n<p>geb. 12.M\u00e4rz 2019<\/p>\n<p><img loading=\"lazy\" decoding=\"async\" class=\"alignnone size-full wp-image-4998\" src=\"http:\/\/adonis-hills.de\/wp-content\/uploads\/2019\/03\/IMG_6476-e1552562214860.jpg\" alt=\"\" width=\"600\" height=\"373\" \/><\/p>\n","protected":false},"excerpt":{"rendered":"<p>Adonis Hills Zo\u00e9 H\u00fcndin, geb. am 12.03.2019, VDH\/ ZBrH BOC 23131 Black\/w. &#8211; kastriert HD: A, ED: 0, OCD frei, WR 50 cm, K\u00f6rklasse 1, Augenuntersuchung am 22.4.2020 &#8211; alle&hellip; <\/p>\n","protected":false},"author":2,"featured_media":0,"parent":0,"menu_order":0,"comment_status":"closed","ping_status":"closed","template":"","meta":{"footnotes":""},"class_list":["post-5022","page","type-page","status-publish","hentry"],"_links":{"self":[{"href":"http:\/\/adonis-hills.de\/index.php?rest_route=\/wp\/v2\/pages\/5022","targetHints":{"allow":["GET"]}}],"collection":[{"href":"http:\/\/adonis-hills.de\/index.php?rest_route=\/wp\/v2\/pages"}],"about":[{"href":"http:\/\/adonis-hills.de\/index.php?rest_route=\/wp\/v2\/types\/page"}],"author":[{"embeddable":true,"href":"http:\/\/adonis-hills.de\/index.php?rest_route=\/wp\/v2\/users\/2"}],"replies":[{"embeddable":true,"href":"http:\/\/adonis-hills.de\/index.php?rest_route=%2Fwp%2Fv2%2Fcomments&post=5022"}],"version-history":[{"count":42,"href":"http:\/\/adonis-hills.de\/index.php?rest_route=\/wp\/v2\/pages\/5022\/revisions"}],"predecessor-version":[{"id":7966,"href":"http:\/\/adonis-hills.de\/index.php?rest_route=\/wp\/v2\/pages\/5022\/revisions\/7966"}],"wp:attachment":[{"href":"http:\/\/adonis-hills.de\/index.php?rest_route=%2Fwp%2Fv2%2Fmedia&parent=5022"}],"curies":[{"name":"wp","href":"https:\/\/api.w.org\/{rel}","templated":true}]}}